{"id":3688,"date":"2026-04-18T09:49:05","date_gmt":"2026-04-18T13:49:05","guid":{"rendered":"https:\/\/metalroofcanada.ca\/product\/bande-detancheite-respirante-flex-o-vent\/"},"modified":"2026-04-18T10:31:14","modified_gmt":"2026-04-18T14:31:14","slug":"bande-detancheite-respirante-flex-o-vent","status":"publish","type":"product","link":"https:\/\/metalroofcanada.ca\/en\/product\/bande-detancheite-respirante-flex-o-vent\/","title":{"rendered":"Breathable Sealant Flex-O-Vent"},"content":{"rendered":"<p>La bande d\u2019\u00e9tanch\u00e9it\u00e9 respirante Flex-O-Vent est une bande souple et perm\u00e9able \u00e0 l\u2019air con\u00e7ue pour fermer les ouvertures le long des fa\u00eetages, ar\u00eatiers et noues tout en maintenant une ventilation continue de la toiture.<\/p>\n<p>Le mat\u00e9riau s\u2019adapte aux profils de toiture, permettant \u00e0 l\u2019air chaud et humide de s\u2019\u00e9chapper tout en bloquant la neige, la poussi\u00e8re, les insectes et la pluie pouss\u00e9e par le vent. Elle est id\u00e9ale pour les syst\u00e8mes de toiture en tuiles m\u00e9talliques et \u00e0 joints debout lorsque l\u2019on recherche une circulation d\u2019air contr\u00f4l\u00e9e et une bonne protection contre les intemp\u00e9ries.<\/p>","protected":false},"excerpt":{"rendered":"<p>La bande d\u2019\u00e9tanch\u00e9it\u00e9 respirante Flex-O-Vent est une solution flexible pour le fa\u00eetage, con\u00e7ue pour offrir une ventilation efficace et une protection fiable contre l\u2019humidit\u00e9 et la poussi\u00e8re. Durable et r\u00e9sistante aux intemp\u00e9ries, elle assure une performance durable de la toiture.<\/p>","protected":false},"featured_media":3687,"comment_status":"open","ping_status":"closed","template":"","meta":{"_acf_changed":false},"product_brand":[],"product_cat":[128],"product_tag":[],"class_list":{"0":"post-3688","1":"product","2":"type-product","3":"status-publish","4":"has-post-thumbnail","6":"product_cat-accessoires","8":"first","9":"instock","10":"shipping-taxable","11":"product-type-simple"},"acf":[],"yoast_head":"<!-- This site is optimized with the Yoast SEO plugin v27.0 - https:\/\/yoast.com\/product\/yoast-seo-wordpress\/ -->\n<title>Bande d\u2019\u00e9tanch\u00e9it\u00e9 respirante Flex-O-Vent - metalroofcanada.ca<\/title>\n<meta name=\"robots\" content=\"index, follow, max-snippet:-1, max-image-preview:large, max-video-preview:-1\" \/>\n<link rel=\"canonical\" href=\"https:\/\/metalroofcanada.ca\/en\/product\/bande-detancheite-respirante-flex-o-vent\/\" \/>\n<meta property=\"og:locale\" content=\"en_US\" \/>\n<meta property=\"og:type\" content=\"article\" \/>\n<meta property=\"og:title\" content=\"Bande d\u2019\u00e9tanch\u00e9it\u00e9 respirante Flex-O-Vent - metalroofcanada.ca\" \/>\n<meta property=\"og:description\" content=\"La bande d\u2019\u00e9tanch\u00e9it\u00e9 respirante Flex-O-Vent est une solution flexible pour le fa\u00eetage, con\u00e7ue pour offrir une ventilation efficace et une protection fiable contre l\u2019humidit\u00e9 et la poussi\u00e8re. Durable et r\u00e9sistante aux intemp\u00e9ries, elle assure une performance durable de la toiture.\" \/>\n<meta property=\"og:url\" content=\"https:\/\/metalroofcanada.ca\/en\/product\/bande-detancheite-respirante-flex-o-vent\/\" \/>\n<meta property=\"og:site_name\" content=\"metalroofcanada.ca\" \/>\n<meta property=\"article:modified_time\" content=\"2026-04-18T14:31:14+00:00\" \/>\n<meta property=\"og:image\" content=\"https:\/\/metalroofcanada.ca\/wp-content\/uploads\/2026\/04\/screenshot_28-1.jpg\" \/>\n\t<meta property=\"og:image:width\" content=\"630\" \/>\n\t<meta property=\"og:image:height\" content=\"422\" \/>\n\t<meta property=\"og:image:type\" content=\"image\/jpeg\" \/>\n<meta name=\"twitter:card\" content=\"summary_large_image\" \/>\n<meta name=\"twitter:label1\" content=\"Est. reading time\" \/>\n\t<meta name=\"twitter:data1\" content=\"1 minute\" \/>\n<script type=\"application\/ld+json\" class=\"yoast-schema-graph\">{\"@context\":\"https:\/\/schema.org\",\"@graph\":[{\"@type\":\"WebPage\",\"@id\":\"https:\/\/metalroofcanada.ca\/en\/product\/bande-detancheite-respirante-flex-o-vent\/\",\"url\":\"https:\/\/metalroofcanada.ca\/en\/product\/bande-detancheite-respirante-flex-o-vent\/\",\"name\":\"Bande d\u2019\u00e9tanch\u00e9it\u00e9 respirante Flex-O-Vent - metalroofcanada.ca\",\"isPartOf\":{\"@id\":\"https:\/\/metalroofcanada.ca\/en\/#website\"},\"primaryImageOfPage\":{\"@id\":\"https:\/\/metalroofcanada.ca\/en\/product\/bande-detancheite-respirante-flex-o-vent\/#primaryimage\"},\"image\":{\"@id\":\"https:\/\/metalroofcanada.ca\/en\/product\/bande-detancheite-respirante-flex-o-vent\/#primaryimage\"},\"thumbnailUrl\":\"https:\/\/metalroofcanada.ca\/wp-content\/uploads\/2026\/04\/screenshot_28-1.jpg\",\"datePublished\":\"2026-04-18T13:49:05+00:00\",\"dateModified\":\"2026-04-18T14:31:14+00:00\",\"breadcrumb\":{\"@id\":\"https:\/\/metalroofcanada.ca\/en\/product\/bande-detancheite-respirante-flex-o-vent\/#breadcrumb\"},\"inLanguage\":\"en-CA\",\"potentialAction\":[{\"@type\":\"ReadAction\",\"target\":[\"https:\/\/metalroofcanada.ca\/en\/product\/bande-detancheite-respirante-flex-o-vent\/\"]}]},{\"@type\":\"ImageObject\",\"inLanguage\":\"en-CA\",\"@id\":\"https:\/\/metalroofcanada.ca\/en\/product\/bande-detancheite-respirante-flex-o-vent\/#primaryimage\",\"url\":\"https:\/\/metalroofcanada.ca\/wp-content\/uploads\/2026\/04\/screenshot_28-1.jpg\",\"contentUrl\":\"https:\/\/metalroofcanada.ca\/wp-content\/uploads\/2026\/04\/screenshot_28-1.jpg\",\"width\":630,\"height\":422},{\"@type\":\"BreadcrumbList\",\"@id\":\"https:\/\/metalroofcanada.ca\/en\/product\/bande-detancheite-respirante-flex-o-vent\/#breadcrumb\",\"itemListElement\":[{\"@type\":\"ListItem\",\"position\":1,\"name\":\"Accueil\",\"item\":\"https:\/\/metalroofcanada.ca\/en\/home\/\"},{\"@type\":\"ListItem\",\"position\":2,\"name\":\"Produits\",\"item\":\"https:\/\/metalroofcanada.ca\/shop\/\"},{\"@type\":\"ListItem\",\"position\":3,\"name\":\"Bande d\u2019\u00e9tanch\u00e9it\u00e9 respirante Flex-O-Vent\"}]},{\"@type\":\"WebSite\",\"@id\":\"https:\/\/metalroofcanada.ca\/en\/#website\",\"url\":\"https:\/\/metalroofcanada.ca\/en\/\",\"name\":\"metalroofcanada.ca\",\"description\":\"Toiture M\u00e9tallique Montr\u00e9al\",\"potentialAction\":[{\"@type\":\"SearchAction\",\"target\":{\"@type\":\"EntryPoint\",\"urlTemplate\":\"https:\/\/metalroofcanada.ca\/en\/?s={search_term_string}\"},\"query-input\":{\"@type\":\"PropertyValueSpecification\",\"valueRequired\":true,\"valueName\":\"search_term_string\"}}],\"inLanguage\":\"en-CA\"}]}<\/script>\n<!-- \/ Yoast SEO plugin. -->","yoast_head_json":{"title":"Bande d\u2019\u00e9tanch\u00e9it\u00e9 respirante Flex-O-Vent - metalroofcanada.ca","robots":{"index":"index","follow":"follow","max-snippet":"max-snippet:-1","max-image-preview":"max-image-preview:large","max-video-preview":"max-video-preview:-1"},"canonical":"https:\/\/metalroofcanada.ca\/en\/product\/bande-detancheite-respirante-flex-o-vent\/","og_locale":"en_US","og_type":"article","og_title":"Bande d\u2019\u00e9tanch\u00e9it\u00e9 respirante Flex-O-Vent - metalroofcanada.ca","og_description":"La bande d\u2019\u00e9tanch\u00e9it\u00e9 respirante Flex-O-Vent est une solution flexible pour le fa\u00eetage, con\u00e7ue pour offrir une ventilation efficace et une protection fiable contre l\u2019humidit\u00e9 et la poussi\u00e8re. Durable et r\u00e9sistante aux intemp\u00e9ries, elle assure une performance durable de la toiture.","og_url":"https:\/\/metalroofcanada.ca\/en\/product\/bande-detancheite-respirante-flex-o-vent\/","og_site_name":"metalroofcanada.ca","article_modified_time":"2026-04-18T14:31:14+00:00","og_image":[{"width":630,"height":422,"url":"https:\/\/metalroofcanada.ca\/wp-content\/uploads\/2026\/04\/screenshot_28-1.jpg","type":"image\/jpeg"}],"twitter_card":"summary_large_image","twitter_misc":{"Est. reading time":"1 minute"},"schema":{"@context":"https:\/\/schema.org","@graph":[{"@type":"WebPage","@id":"https:\/\/metalroofcanada.ca\/en\/product\/bande-detancheite-respirante-flex-o-vent\/","url":"https:\/\/metalroofcanada.ca\/en\/product\/bande-detancheite-respirante-flex-o-vent\/","name":"Bande d\u2019\u00e9tanch\u00e9it\u00e9 respirante Flex-O-Vent - metalroofcanada.ca","isPartOf":{"@id":"https:\/\/metalroofcanada.ca\/en\/#website"},"primaryImageOfPage":{"@id":"https:\/\/metalroofcanada.ca\/en\/product\/bande-detancheite-respirante-flex-o-vent\/#primaryimage"},"image":{"@id":"https:\/\/metalroofcanada.ca\/en\/product\/bande-detancheite-respirante-flex-o-vent\/#primaryimage"},"thumbnailUrl":"https:\/\/metalroofcanada.ca\/wp-content\/uploads\/2026\/04\/screenshot_28-1.jpg","datePublished":"2026-04-18T13:49:05+00:00","dateModified":"2026-04-18T14:31:14+00:00","breadcrumb":{"@id":"https:\/\/metalroofcanada.ca\/en\/product\/bande-detancheite-respirante-flex-o-vent\/#breadcrumb"},"inLanguage":"en-CA","potentialAction":[{"@type":"ReadAction","target":["https:\/\/metalroofcanada.ca\/en\/product\/bande-detancheite-respirante-flex-o-vent\/"]}]},{"@type":"ImageObject","inLanguage":"en-CA","@id":"https:\/\/metalroofcanada.ca\/en\/product\/bande-detancheite-respirante-flex-o-vent\/#primaryimage","url":"https:\/\/metalroofcanada.ca\/wp-content\/uploads\/2026\/04\/screenshot_28-1.jpg","contentUrl":"https:\/\/metalroofcanada.ca\/wp-content\/uploads\/2026\/04\/screenshot_28-1.jpg","width":630,"height":422},{"@type":"BreadcrumbList","@id":"https:\/\/metalroofcanada.ca\/en\/product\/bande-detancheite-respirante-flex-o-vent\/#breadcrumb","itemListElement":[{"@type":"ListItem","position":1,"name":"Accueil","item":"https:\/\/metalroofcanada.ca\/en\/home\/"},{"@type":"ListItem","position":2,"name":"Produits","item":"https:\/\/metalroofcanada.ca\/shop\/"},{"@type":"ListItem","position":3,"name":"Bande d\u2019\u00e9tanch\u00e9it\u00e9 respirante Flex-O-Vent"}]},{"@type":"WebSite","@id":"https:\/\/metalroofcanada.ca\/en\/#website","url":"https:\/\/metalroofcanada.ca\/en\/","name":"metalroofcanada.ca","description":"Toiture M\u00e9tallique Montr\u00e9al","potentialAction":[{"@type":"SearchAction","target":{"@type":"EntryPoint","urlTemplate":"https:\/\/metalroofcanada.ca\/en\/?s={search_term_string}"},"query-input":{"@type":"PropertyValueSpecification","valueRequired":true,"valueName":"search_term_string"}}],"inLanguage":"en-CA"}]}},"_links":{"self":[{"href":"https:\/\/metalroofcanada.ca\/en\/wp-json\/wp\/v2\/product\/3688","targetHints":{"allow":["GET"]}}],"collection":[{"href":"https:\/\/metalroofcanada.ca\/en\/wp-json\/wp\/v2\/product"}],"about":[{"href":"https:\/\/metalroofcanada.ca\/en\/wp-json\/wp\/v2\/types\/product"}],"replies":[{"embeddable":true,"href":"https:\/\/metalroofcanada.ca\/en\/wp-json\/wp\/v2\/comments?post=3688"}],"wp:featuredmedia":[{"embeddable":true,"href":"https:\/\/metalroofcanada.ca\/en\/wp-json\/wp\/v2\/media\/3687"}],"wp:attachment":[{"href":"https:\/\/metalroofcanada.ca\/en\/wp-json\/wp\/v2\/media?parent=3688"}],"wp:term":[{"taxonomy":"product_brand","embeddable":true,"href":"https:\/\/metalroofcanada.ca\/en\/wp-json\/wp\/v2\/product_brand?post=3688"},{"taxonomy":"product_cat","embeddable":true,"href":"https:\/\/metalroofcanada.ca\/en\/wp-json\/wp\/v2\/product_cat?post=3688"},{"taxonomy":"product_tag","embeddable":true,"href":"https:\/\/metalroofcanada.ca\/en\/wp-json\/wp\/v2\/product_tag?post=3688"}],"curies":[{"name":"wp","href":"https:\/\/api.w.org\/{rel}","templated":true}]}}