{"id":3691,"date":"2026-04-18T09:49:06","date_gmt":"2026-04-18T13:49:06","guid":{"rendered":"https:\/\/metalroofcanada.ca\/product\/maille-enchevetree\/"},"modified":"2026-04-18T19:55:50","modified_gmt":"2026-04-18T23:55:50","slug":"maille-enchevetree","status":"publish","type":"product","link":"https:\/\/metalroofcanada.ca\/en\/product\/maille-enchevetree\/","title":{"rendered":"Entangled Mesh"},"content":{"rendered":"<p>La maille enchev\u00eatr\u00e9e offre une performance fiable \u00e0 l\u2019ext\u00e9rieur, notamment face \u00e0 l\u2019humidit\u00e9, aux variations de temp\u00e9rature et au vent. Elle conserve sa structure dans le temps et continue de prot\u00e9ger les zones vuln\u00e9rables du syst\u00e8me de toiture.<\/p>\n<p>Sa structure m\u00e9tallique entrelac\u00e9e combine flexibilit\u00e9 et r\u00e9sistance. Elle s\u2019adapte ainsi facilement aux formes irr\u00e9guli\u00e8res, aux surfaces courbes et aux d\u00e9tails de toiture complexes sans limiter la circulation de l\u2019air.<\/p>\n<p>Install\u00e9e aux \u00e9vents de fa\u00eetage, aux avant-toits, aux rives de toit et aux ouvertures de ventilation, elle aide \u00e0 garder les cavit\u00e9s propres et fonctionnelles. Elle am\u00e9liore aussi la performance globale du b\u00e2timent en prot\u00e9geant les voies de ventilation contre les obstructions.<\/p>\n<p>Utilis\u00e9e sous des syst\u00e8mes de couverture tels que des panneaux m\u00e9talliques ou des bardeaux de bois, la maille enchev\u00eatr\u00e9e cr\u00e9e un espace d\u2019air stable et r\u00e9sistant \u00e0 l\u2019\u00e9crasement entre le rev\u00eatement de toit et le support. Cet espace favorise le drainage et aide \u00e0 contr\u00f4ler la condensation dans l\u2019entretoit.<\/p>\n<p>De plus, la rupture thermique r\u00e9duit le transfert de chaleur entre la surface du toit et la structure, ce qui am\u00e9liore l\u2019efficacit\u00e9 \u00e9nerg\u00e9tique. Cet espace d\u2019air contribue aussi \u00e0 r\u00e9duire le bruit en perturbant les ondes sonores.<\/p>\n<p>Le r\u00e9sultat est un syst\u00e8me de toiture plus frais, plus silencieux et plus durable.<\/p>","protected":false},"excerpt":{"rendered":"<p>La maille enchev\u00eatr\u00e9e est un \u00e9l\u00e9ment durable de ventilation et de protection con\u00e7u pour emp\u00eacher les d\u00e9bris, les oiseaux et les nuisibles de p\u00e9n\u00e9trer dans les ouvertures de toiture. R\u00e9sistante aux intemp\u00e9ries et durable, elle am\u00e9liore la s\u00e9curit\u00e9 du toit et la performance globale du syst\u00e8me.<\/p>","protected":false},"featured_media":3763,"comment_status":"open","ping_status":"closed","template":"","meta":{"_acf_changed":false},"product_brand":[],"product_cat":[128],"product_tag":[],"class_list":{"0":"post-3691","1":"product","2":"type-product","3":"status-publish","4":"has-post-thumbnail","6":"product_cat-accessoires","8":"first","9":"instock","10":"shipping-taxable","11":"product-type-simple"},"acf":[],"yoast_head":"<!-- This site is optimized with the Yoast SEO plugin v27.0 - https:\/\/yoast.com\/product\/yoast-seo-wordpress\/ -->\n<title>Maille enchev\u00eatr\u00e9e - metalroofcanada.ca<\/title>\n<meta name=\"robots\" content=\"index, follow, max-snippet:-1, max-image-preview:large, max-video-preview:-1\" \/>\n<link rel=\"canonical\" href=\"https:\/\/metalroofcanada.ca\/en\/product\/maille-enchevetree\/\" \/>\n<meta property=\"og:locale\" content=\"en_US\" \/>\n<meta property=\"og:type\" content=\"article\" \/>\n<meta property=\"og:title\" content=\"Maille enchev\u00eatr\u00e9e - metalroofcanada.ca\" \/>\n<meta property=\"og:description\" content=\"La maille enchev\u00eatr\u00e9e est un \u00e9l\u00e9ment durable de ventilation et de protection con\u00e7u pour emp\u00eacher les d\u00e9bris, les oiseaux et les nuisibles de p\u00e9n\u00e9trer dans les ouvertures de toiture. R\u00e9sistante aux intemp\u00e9ries et durable, elle am\u00e9liore la s\u00e9curit\u00e9 du toit et la performance globale du syst\u00e8me.\" \/>\n<meta property=\"og:url\" content=\"https:\/\/metalroofcanada.ca\/en\/product\/maille-enchevetree\/\" \/>\n<meta property=\"og:site_name\" content=\"metalroofcanada.ca\" \/>\n<meta property=\"article:modified_time\" content=\"2026-04-18T23:55:50+00:00\" \/>\n<meta property=\"og:image\" content=\"https:\/\/metalroofcanada.ca\/wp-content\/uploads\/2026\/04\/Entangled-Mesh.webp\" \/>\n\t<meta property=\"og:image:width\" content=\"1536\" \/>\n\t<meta property=\"og:image:height\" content=\"1024\" \/>\n\t<meta property=\"og:image:type\" content=\"image\/webp\" \/>\n<meta name=\"twitter:card\" content=\"summary_large_image\" \/>\n<meta name=\"twitter:label1\" content=\"Est. reading time\" \/>\n\t<meta name=\"twitter:data1\" content=\"2 minutes\" \/>\n<script type=\"application\/ld+json\" class=\"yoast-schema-graph\">{\"@context\":\"https:\/\/schema.org\",\"@graph\":[{\"@type\":\"WebPage\",\"@id\":\"https:\/\/metalroofcanada.ca\/en\/product\/maille-enchevetree\/\",\"url\":\"https:\/\/metalroofcanada.ca\/en\/product\/maille-enchevetree\/\",\"name\":\"Maille enchev\u00eatr\u00e9e - metalroofcanada.ca\",\"isPartOf\":{\"@id\":\"https:\/\/metalroofcanada.ca\/en\/#website\"},\"primaryImageOfPage\":{\"@id\":\"https:\/\/metalroofcanada.ca\/en\/product\/maille-enchevetree\/#primaryimage\"},\"image\":{\"@id\":\"https:\/\/metalroofcanada.ca\/en\/product\/maille-enchevetree\/#primaryimage\"},\"thumbnailUrl\":\"https:\/\/metalroofcanada.ca\/wp-content\/uploads\/2026\/04\/Entangled-Mesh.webp\",\"datePublished\":\"2026-04-18T13:49:06+00:00\",\"dateModified\":\"2026-04-18T23:55:50+00:00\",\"breadcrumb\":{\"@id\":\"https:\/\/metalroofcanada.ca\/en\/product\/maille-enchevetree\/#breadcrumb\"},\"inLanguage\":\"en-CA\",\"potentialAction\":[{\"@type\":\"ReadAction\",\"target\":[\"https:\/\/metalroofcanada.ca\/en\/product\/maille-enchevetree\/\"]}]},{\"@type\":\"ImageObject\",\"inLanguage\":\"en-CA\",\"@id\":\"https:\/\/metalroofcanada.ca\/en\/product\/maille-enchevetree\/#primaryimage\",\"url\":\"https:\/\/metalroofcanada.ca\/wp-content\/uploads\/2026\/04\/Entangled-Mesh.webp\",\"contentUrl\":\"https:\/\/metalroofcanada.ca\/wp-content\/uploads\/2026\/04\/Entangled-Mesh.webp\",\"width\":1536,\"height\":1024},{\"@type\":\"BreadcrumbList\",\"@id\":\"https:\/\/metalroofcanada.ca\/en\/product\/maille-enchevetree\/#breadcrumb\",\"itemListElement\":[{\"@type\":\"ListItem\",\"position\":1,\"name\":\"Accueil\",\"item\":\"https:\/\/metalroofcanada.ca\/en\/home\/\"},{\"@type\":\"ListItem\",\"position\":2,\"name\":\"Produits\",\"item\":\"https:\/\/metalroofcanada.ca\/shop\/\"},{\"@type\":\"ListItem\",\"position\":3,\"name\":\"Maille enchev\u00eatr\u00e9e\"}]},{\"@type\":\"WebSite\",\"@id\":\"https:\/\/metalroofcanada.ca\/en\/#website\",\"url\":\"https:\/\/metalroofcanada.ca\/en\/\",\"name\":\"metalroofcanada.ca\",\"description\":\"Toiture M\u00e9tallique Montr\u00e9al\",\"potentialAction\":[{\"@type\":\"SearchAction\",\"target\":{\"@type\":\"EntryPoint\",\"urlTemplate\":\"https:\/\/metalroofcanada.ca\/en\/?s={search_term_string}\"},\"query-input\":{\"@type\":\"PropertyValueSpecification\",\"valueRequired\":true,\"valueName\":\"search_term_string\"}}],\"inLanguage\":\"en-CA\"}]}<\/script>\n<!-- \/ Yoast SEO plugin. -->","yoast_head_json":{"title":"Maille enchev\u00eatr\u00e9e - metalroofcanada.ca","robots":{"index":"index","follow":"follow","max-snippet":"max-snippet:-1","max-image-preview":"max-image-preview:large","max-video-preview":"max-video-preview:-1"},"canonical":"https:\/\/metalroofcanada.ca\/en\/product\/maille-enchevetree\/","og_locale":"en_US","og_type":"article","og_title":"Maille enchev\u00eatr\u00e9e - metalroofcanada.ca","og_description":"La maille enchev\u00eatr\u00e9e est un \u00e9l\u00e9ment durable de ventilation et de protection con\u00e7u pour emp\u00eacher les d\u00e9bris, les oiseaux et les nuisibles de p\u00e9n\u00e9trer dans les ouvertures de toiture. R\u00e9sistante aux intemp\u00e9ries et durable, elle am\u00e9liore la s\u00e9curit\u00e9 du toit et la performance globale du syst\u00e8me.","og_url":"https:\/\/metalroofcanada.ca\/en\/product\/maille-enchevetree\/","og_site_name":"metalroofcanada.ca","article_modified_time":"2026-04-18T23:55:50+00:00","og_image":[{"width":1536,"height":1024,"url":"https:\/\/metalroofcanada.ca\/wp-content\/uploads\/2026\/04\/Entangled-Mesh.webp","type":"image\/webp"}],"twitter_card":"summary_large_image","twitter_misc":{"Est. reading time":"2 minutes"},"schema":{"@context":"https:\/\/schema.org","@graph":[{"@type":"WebPage","@id":"https:\/\/metalroofcanada.ca\/en\/product\/maille-enchevetree\/","url":"https:\/\/metalroofcanada.ca\/en\/product\/maille-enchevetree\/","name":"Maille enchev\u00eatr\u00e9e - metalroofcanada.ca","isPartOf":{"@id":"https:\/\/metalroofcanada.ca\/en\/#website"},"primaryImageOfPage":{"@id":"https:\/\/metalroofcanada.ca\/en\/product\/maille-enchevetree\/#primaryimage"},"image":{"@id":"https:\/\/metalroofcanada.ca\/en\/product\/maille-enchevetree\/#primaryimage"},"thumbnailUrl":"https:\/\/metalroofcanada.ca\/wp-content\/uploads\/2026\/04\/Entangled-Mesh.webp","datePublished":"2026-04-18T13:49:06+00:00","dateModified":"2026-04-18T23:55:50+00:00","breadcrumb":{"@id":"https:\/\/metalroofcanada.ca\/en\/product\/maille-enchevetree\/#breadcrumb"},"inLanguage":"en-CA","potentialAction":[{"@type":"ReadAction","target":["https:\/\/metalroofcanada.ca\/en\/product\/maille-enchevetree\/"]}]},{"@type":"ImageObject","inLanguage":"en-CA","@id":"https:\/\/metalroofcanada.ca\/en\/product\/maille-enchevetree\/#primaryimage","url":"https:\/\/metalroofcanada.ca\/wp-content\/uploads\/2026\/04\/Entangled-Mesh.webp","contentUrl":"https:\/\/metalroofcanada.ca\/wp-content\/uploads\/2026\/04\/Entangled-Mesh.webp","width":1536,"height":1024},{"@type":"BreadcrumbList","@id":"https:\/\/metalroofcanada.ca\/en\/product\/maille-enchevetree\/#breadcrumb","itemListElement":[{"@type":"ListItem","position":1,"name":"Accueil","item":"https:\/\/metalroofcanada.ca\/en\/home\/"},{"@type":"ListItem","position":2,"name":"Produits","item":"https:\/\/metalroofcanada.ca\/shop\/"},{"@type":"ListItem","position":3,"name":"Maille enchev\u00eatr\u00e9e"}]},{"@type":"WebSite","@id":"https:\/\/metalroofcanada.ca\/en\/#website","url":"https:\/\/metalroofcanada.ca\/en\/","name":"metalroofcanada.ca","description":"Toiture M\u00e9tallique Montr\u00e9al","potentialAction":[{"@type":"SearchAction","target":{"@type":"EntryPoint","urlTemplate":"https:\/\/metalroofcanada.ca\/en\/?s={search_term_string}"},"query-input":{"@type":"PropertyValueSpecification","valueRequired":true,"valueName":"search_term_string"}}],"inLanguage":"en-CA"}]}},"_links":{"self":[{"href":"https:\/\/metalroofcanada.ca\/en\/wp-json\/wp\/v2\/product\/3691","targetHints":{"allow":["GET"]}}],"collection":[{"href":"https:\/\/metalroofcanada.ca\/en\/wp-json\/wp\/v2\/product"}],"about":[{"href":"https:\/\/metalroofcanada.ca\/en\/wp-json\/wp\/v2\/types\/product"}],"replies":[{"embeddable":true,"href":"https:\/\/metalroofcanada.ca\/en\/wp-json\/wp\/v2\/comments?post=3691"}],"wp:featuredmedia":[{"embeddable":true,"href":"https:\/\/metalroofcanada.ca\/en\/wp-json\/wp\/v2\/media\/3763"}],"wp:attachment":[{"href":"https:\/\/metalroofcanada.ca\/en\/wp-json\/wp\/v2\/media?parent=3691"}],"wp:term":[{"taxonomy":"product_brand","embeddable":true,"href":"https:\/\/metalroofcanada.ca\/en\/wp-json\/wp\/v2\/product_brand?post=3691"},{"taxonomy":"product_cat","embeddable":true,"href":"https:\/\/metalroofcanada.ca\/en\/wp-json\/wp\/v2\/product_cat?post=3691"},{"taxonomy":"product_tag","embeddable":true,"href":"https:\/\/metalroofcanada.ca\/en\/wp-json\/wp\/v2\/product_tag?post=3691"}],"curies":[{"name":"wp","href":"https:\/\/api.w.org\/{rel}","templated":true}]}}