{"id":3694,"date":"2026-04-18T09:49:06","date_gmt":"2026-04-18T13:49:06","guid":{"rendered":"https:\/\/metalroofcanada.ca\/product\/euro-vent-n25\/"},"modified":"2026-04-18T10:30:37","modified_gmt":"2026-04-18T14:30:37","slug":"euro-vent-n25","status":"publish","type":"product","link":"https:\/\/metalroofcanada.ca\/en\/product\/euro-vent-n25\/","title":{"rendered":"EURO Vent N25"},"content":{"rendered":"<p>EURO Vent N25 est une sortie de ventilation de toiture compacte con\u00e7ue pour assurer une circulation continue de l\u2019air sous le rev\u00eatement de toit. Elle aide \u00e0 pr\u00e9venir l\u2019accumulation d\u2019humidit\u00e9, la condensation et la surchauffe de la structure du toit, contribuant ainsi \u00e0 prolonger la dur\u00e9e de vie de la toiture et \u00e0 am\u00e9liorer la qualit\u00e9 de l\u2019air int\u00e9rieur.<\/p>\n<p>Son design europ\u00e9en discret \u00e0 faible profil assure une ventilation efficace sans nuire \u00e0 l\u2019apparence visuelle de la toiture.<\/p>","protected":false},"excerpt":{"rendered":"<p>EURO Vent N25 est un \u00e9l\u00e9ment de ventilation de toiture fiable con\u00e7u pour assurer une circulation d\u2019air continue et pr\u00e9venir l\u2019accumulation d\u2019humidit\u00e9. Fabriqu\u00e9 \u00e0 partir de mat\u00e9riaux durables et r\u00e9sistants aux intemp\u00e9ries, il am\u00e9liore la long\u00e9vit\u00e9 de la toiture et la performance globale du syst\u00e8me.<\/p>","protected":false},"featured_media":3693,"comment_status":"open","ping_status":"closed","template":"","meta":{"_acf_changed":false},"product_brand":[],"product_cat":[128],"product_tag":[],"class_list":{"0":"post-3694","1":"product","2":"type-product","3":"status-publish","4":"has-post-thumbnail","6":"product_cat-accessoires","8":"first","9":"instock","10":"shipping-taxable","11":"product-type-simple"},"acf":[],"yoast_head":"<!-- This site is optimized with the Yoast SEO plugin v27.0 - https:\/\/yoast.com\/product\/yoast-seo-wordpress\/ -->\n<title>EURO Vent N25 - metalroofcanada.ca<\/title>\n<meta name=\"robots\" content=\"index, follow, max-snippet:-1, max-image-preview:large, max-video-preview:-1\" \/>\n<link rel=\"canonical\" href=\"https:\/\/metalroofcanada.ca\/en\/product\/euro-vent-n25\/\" \/>\n<meta property=\"og:locale\" content=\"en_US\" \/>\n<meta property=\"og:type\" content=\"article\" \/>\n<meta property=\"og:title\" content=\"EURO Vent N25 - metalroofcanada.ca\" \/>\n<meta property=\"og:description\" content=\"EURO Vent N25 est un \u00e9l\u00e9ment de ventilation de toiture fiable con\u00e7u pour assurer une circulation d\u2019air continue et pr\u00e9venir l\u2019accumulation d\u2019humidit\u00e9. Fabriqu\u00e9 \u00e0 partir de mat\u00e9riaux durables et r\u00e9sistants aux intemp\u00e9ries, il am\u00e9liore la long\u00e9vit\u00e9 de la toiture et la performance globale du syst\u00e8me.\" \/>\n<meta property=\"og:url\" content=\"https:\/\/metalroofcanada.ca\/en\/product\/euro-vent-n25\/\" \/>\n<meta property=\"og:site_name\" content=\"metalroofcanada.ca\" \/>\n<meta property=\"article:modified_time\" content=\"2026-04-18T14:30:37+00:00\" \/>\n<meta property=\"og:image\" content=\"https:\/\/metalroofcanada.ca\/wp-content\/uploads\/2026\/04\/screenshot_22-2.jpg\" \/>\n\t<meta property=\"og:image:width\" content=\"532\" \/>\n\t<meta property=\"og:image:height\" content=\"388\" \/>\n\t<meta property=\"og:image:type\" content=\"image\/jpeg\" \/>\n<meta name=\"twitter:card\" content=\"summary_large_image\" \/>\n<script type=\"application\/ld+json\" class=\"yoast-schema-graph\">{\"@context\":\"https:\/\/schema.org\",\"@graph\":[{\"@type\":\"WebPage\",\"@id\":\"https:\/\/metalroofcanada.ca\/en\/product\/euro-vent-n25\/\",\"url\":\"https:\/\/metalroofcanada.ca\/en\/product\/euro-vent-n25\/\",\"name\":\"EURO Vent N25 - metalroofcanada.ca\",\"isPartOf\":{\"@id\":\"https:\/\/metalroofcanada.ca\/en\/#website\"},\"primaryImageOfPage\":{\"@id\":\"https:\/\/metalroofcanada.ca\/en\/product\/euro-vent-n25\/#primaryimage\"},\"image\":{\"@id\":\"https:\/\/metalroofcanada.ca\/en\/product\/euro-vent-n25\/#primaryimage\"},\"thumbnailUrl\":\"https:\/\/metalroofcanada.ca\/wp-content\/uploads\/2026\/04\/screenshot_22-2.jpg\",\"datePublished\":\"2026-04-18T13:49:06+00:00\",\"dateModified\":\"2026-04-18T14:30:37+00:00\",\"breadcrumb\":{\"@id\":\"https:\/\/metalroofcanada.ca\/en\/product\/euro-vent-n25\/#breadcrumb\"},\"inLanguage\":\"en-CA\",\"potentialAction\":[{\"@type\":\"ReadAction\",\"target\":[\"https:\/\/metalroofcanada.ca\/en\/product\/euro-vent-n25\/\"]}]},{\"@type\":\"ImageObject\",\"inLanguage\":\"en-CA\",\"@id\":\"https:\/\/metalroofcanada.ca\/en\/product\/euro-vent-n25\/#primaryimage\",\"url\":\"https:\/\/metalroofcanada.ca\/wp-content\/uploads\/2026\/04\/screenshot_22-2.jpg\",\"contentUrl\":\"https:\/\/metalroofcanada.ca\/wp-content\/uploads\/2026\/04\/screenshot_22-2.jpg\",\"width\":532,\"height\":388},{\"@type\":\"BreadcrumbList\",\"@id\":\"https:\/\/metalroofcanada.ca\/en\/product\/euro-vent-n25\/#breadcrumb\",\"itemListElement\":[{\"@type\":\"ListItem\",\"position\":1,\"name\":\"Accueil\",\"item\":\"https:\/\/metalroofcanada.ca\/en\/home\/\"},{\"@type\":\"ListItem\",\"position\":2,\"name\":\"Produits\",\"item\":\"https:\/\/metalroofcanada.ca\/shop\/\"},{\"@type\":\"ListItem\",\"position\":3,\"name\":\"EURO Vent N25\"}]},{\"@type\":\"WebSite\",\"@id\":\"https:\/\/metalroofcanada.ca\/en\/#website\",\"url\":\"https:\/\/metalroofcanada.ca\/en\/\",\"name\":\"metalroofcanada.ca\",\"description\":\"Toiture M\u00e9tallique Montr\u00e9al\",\"potentialAction\":[{\"@type\":\"SearchAction\",\"target\":{\"@type\":\"EntryPoint\",\"urlTemplate\":\"https:\/\/metalroofcanada.ca\/en\/?s={search_term_string}\"},\"query-input\":{\"@type\":\"PropertyValueSpecification\",\"valueRequired\":true,\"valueName\":\"search_term_string\"}}],\"inLanguage\":\"en-CA\"}]}<\/script>\n<!-- \/ Yoast SEO plugin. -->","yoast_head_json":{"title":"EURO Vent N25 - metalroofcanada.ca","robots":{"index":"index","follow":"follow","max-snippet":"max-snippet:-1","max-image-preview":"max-image-preview:large","max-video-preview":"max-video-preview:-1"},"canonical":"https:\/\/metalroofcanada.ca\/en\/product\/euro-vent-n25\/","og_locale":"en_US","og_type":"article","og_title":"EURO Vent N25 - metalroofcanada.ca","og_description":"EURO Vent N25 est un \u00e9l\u00e9ment de ventilation de toiture fiable con\u00e7u pour assurer une circulation d\u2019air continue et pr\u00e9venir l\u2019accumulation d\u2019humidit\u00e9. Fabriqu\u00e9 \u00e0 partir de mat\u00e9riaux durables et r\u00e9sistants aux intemp\u00e9ries, il am\u00e9liore la long\u00e9vit\u00e9 de la toiture et la performance globale du syst\u00e8me.","og_url":"https:\/\/metalroofcanada.ca\/en\/product\/euro-vent-n25\/","og_site_name":"metalroofcanada.ca","article_modified_time":"2026-04-18T14:30:37+00:00","og_image":[{"width":532,"height":388,"url":"https:\/\/metalroofcanada.ca\/wp-content\/uploads\/2026\/04\/screenshot_22-2.jpg","type":"image\/jpeg"}],"twitter_card":"summary_large_image","schema":{"@context":"https:\/\/schema.org","@graph":[{"@type":"WebPage","@id":"https:\/\/metalroofcanada.ca\/en\/product\/euro-vent-n25\/","url":"https:\/\/metalroofcanada.ca\/en\/product\/euro-vent-n25\/","name":"EURO Vent N25 - metalroofcanada.ca","isPartOf":{"@id":"https:\/\/metalroofcanada.ca\/en\/#website"},"primaryImageOfPage":{"@id":"https:\/\/metalroofcanada.ca\/en\/product\/euro-vent-n25\/#primaryimage"},"image":{"@id":"https:\/\/metalroofcanada.ca\/en\/product\/euro-vent-n25\/#primaryimage"},"thumbnailUrl":"https:\/\/metalroofcanada.ca\/wp-content\/uploads\/2026\/04\/screenshot_22-2.jpg","datePublished":"2026-04-18T13:49:06+00:00","dateModified":"2026-04-18T14:30:37+00:00","breadcrumb":{"@id":"https:\/\/metalroofcanada.ca\/en\/product\/euro-vent-n25\/#breadcrumb"},"inLanguage":"en-CA","potentialAction":[{"@type":"ReadAction","target":["https:\/\/metalroofcanada.ca\/en\/product\/euro-vent-n25\/"]}]},{"@type":"ImageObject","inLanguage":"en-CA","@id":"https:\/\/metalroofcanada.ca\/en\/product\/euro-vent-n25\/#primaryimage","url":"https:\/\/metalroofcanada.ca\/wp-content\/uploads\/2026\/04\/screenshot_22-2.jpg","contentUrl":"https:\/\/metalroofcanada.ca\/wp-content\/uploads\/2026\/04\/screenshot_22-2.jpg","width":532,"height":388},{"@type":"BreadcrumbList","@id":"https:\/\/metalroofcanada.ca\/en\/product\/euro-vent-n25\/#breadcrumb","itemListElement":[{"@type":"ListItem","position":1,"name":"Accueil","item":"https:\/\/metalroofcanada.ca\/en\/home\/"},{"@type":"ListItem","position":2,"name":"Produits","item":"https:\/\/metalroofcanada.ca\/shop\/"},{"@type":"ListItem","position":3,"name":"EURO Vent N25"}]},{"@type":"WebSite","@id":"https:\/\/metalroofcanada.ca\/en\/#website","url":"https:\/\/metalroofcanada.ca\/en\/","name":"metalroofcanada.ca","description":"Toiture M\u00e9tallique Montr\u00e9al","potentialAction":[{"@type":"SearchAction","target":{"@type":"EntryPoint","urlTemplate":"https:\/\/metalroofcanada.ca\/en\/?s={search_term_string}"},"query-input":{"@type":"PropertyValueSpecification","valueRequired":true,"valueName":"search_term_string"}}],"inLanguage":"en-CA"}]}},"_links":{"self":[{"href":"https:\/\/metalroofcanada.ca\/en\/wp-json\/wp\/v2\/product\/3694","targetHints":{"allow":["GET"]}}],"collection":[{"href":"https:\/\/metalroofcanada.ca\/en\/wp-json\/wp\/v2\/product"}],"about":[{"href":"https:\/\/metalroofcanada.ca\/en\/wp-json\/wp\/v2\/types\/product"}],"replies":[{"embeddable":true,"href":"https:\/\/metalroofcanada.ca\/en\/wp-json\/wp\/v2\/comments?post=3694"}],"wp:featuredmedia":[{"embeddable":true,"href":"https:\/\/metalroofcanada.ca\/en\/wp-json\/wp\/v2\/media\/3693"}],"wp:attachment":[{"href":"https:\/\/metalroofcanada.ca\/en\/wp-json\/wp\/v2\/media?parent=3694"}],"wp:term":[{"taxonomy":"product_brand","embeddable":true,"href":"https:\/\/metalroofcanada.ca\/en\/wp-json\/wp\/v2\/product_brand?post=3694"},{"taxonomy":"product_cat","embeddable":true,"href":"https:\/\/metalroofcanada.ca\/en\/wp-json\/wp\/v2\/product_cat?post=3694"},{"taxonomy":"product_tag","embeddable":true,"href":"https:\/\/metalroofcanada.ca\/en\/wp-json\/wp\/v2\/product_tag?post=3694"}],"curies":[{"name":"wp","href":"https:\/\/api.w.org\/{rel}","templated":true}]}}