{"id":3697,"date":"2026-04-18T09:49:06","date_gmt":"2026-04-18T13:49:06","guid":{"rendered":"https:\/\/metalroofcanada.ca\/product\/event-de-toiture-devacuation-unneo\/"},"modified":"2026-04-18T10:30:56","modified_gmt":"2026-04-18T14:30:56","slug":"event-de-toiture-devacuation-unneo","status":"publish","type":"product","link":"https:\/\/metalroofcanada.ca\/en\/product\/event-de-toiture-devacuation-unneo\/","title":{"rendered":"Exhaust Roof Vent UNNEO"},"content":{"rendered":"<p>L\u2019\u00e9vent de toiture d\u2019\u00e9vacuation UNNEO est une sortie de ventilation de toiture \u00e0 faible profil con\u00e7ue pour l\u2019\u00e9vacuation efficace de l\u2019air dans les b\u00e2timents r\u00e9sidentiels et commerciaux l\u00e9gers. Il est couramment utilis\u00e9 pour les ventilateurs de salle de bain, les hottes de cuisine et les syst\u00e8mes de ventilation g\u00e9n\u00e9rale, en assurant une circulation d\u2019air fiable tout en prot\u00e9geant la toiture contre les infiltrations d\u2019humidit\u00e9.<\/p>\n<p>L\u2019\u00e9vent est con\u00e7u pour r\u00e9sister aux conditions climatiques rigoureuses, y compris la neige, la pluie et le vent, ce qui le rend adapt\u00e9 au climat canadien. Son design compact permet une int\u00e9gration harmonieuse avec les syst\u00e8mes de toiture m\u00e9talliques tout en conservant une apparence soign\u00e9e.<\/p>","protected":false},"excerpt":{"rendered":"<p>L\u2019\u00e9vent de toiture d\u2019\u00e9vacuation UNNEO est un \u00e9l\u00e9ment de ventilation haute performance con\u00e7u pour assurer une circulation d\u2019air efficace et un bon contr\u00f4le de l\u2019humidit\u00e9. Fabriqu\u00e9 \u00e0 partir de mat\u00e9riaux durables et r\u00e9sistants aux intemp\u00e9ries, il am\u00e9liore la long\u00e9vit\u00e9 de la toiture et la qualit\u00e9 de l\u2019air int\u00e9rieur.<\/p>","protected":false},"featured_media":3696,"comment_status":"open","ping_status":"closed","template":"","meta":{"_acf_changed":false},"product_brand":[],"product_cat":[128],"product_tag":[],"class_list":{"0":"post-3697","1":"product","2":"type-product","3":"status-publish","4":"has-post-thumbnail","6":"product_cat-accessoires","8":"first","9":"instock","10":"shipping-taxable","11":"product-type-simple"},"acf":[],"yoast_head":"<!-- This site is optimized with the Yoast SEO plugin v27.0 - https:\/\/yoast.com\/product\/yoast-seo-wordpress\/ -->\n<title>\u00c9vent de toiture d\u2019\u00e9vacuation UNNEO - metalroofcanada.ca<\/title>\n<meta name=\"robots\" content=\"index, follow, max-snippet:-1, max-image-preview:large, max-video-preview:-1\" \/>\n<link rel=\"canonical\" href=\"https:\/\/metalroofcanada.ca\/en\/product\/event-de-toiture-devacuation-unneo\/\" \/>\n<meta property=\"og:locale\" content=\"en_US\" \/>\n<meta property=\"og:type\" content=\"article\" \/>\n<meta property=\"og:title\" content=\"\u00c9vent de toiture d\u2019\u00e9vacuation UNNEO - metalroofcanada.ca\" \/>\n<meta property=\"og:description\" content=\"L\u2019\u00e9vent de toiture d\u2019\u00e9vacuation UNNEO est un \u00e9l\u00e9ment de ventilation haute performance con\u00e7u pour assurer une circulation d\u2019air efficace et un bon contr\u00f4le de l\u2019humidit\u00e9. Fabriqu\u00e9 \u00e0 partir de mat\u00e9riaux durables et r\u00e9sistants aux intemp\u00e9ries, il am\u00e9liore la long\u00e9vit\u00e9 de la toiture et la qualit\u00e9 de l\u2019air int\u00e9rieur.\" \/>\n<meta property=\"og:url\" content=\"https:\/\/metalroofcanada.ca\/en\/product\/event-de-toiture-devacuation-unneo\/\" \/>\n<meta property=\"og:site_name\" content=\"metalroofcanada.ca\" \/>\n<meta property=\"article:modified_time\" content=\"2026-04-18T14:30:56+00:00\" \/>\n<meta property=\"og:image\" content=\"https:\/\/metalroofcanada.ca\/wp-content\/uploads\/2026\/04\/screenshot_14-1.jpg\" \/>\n\t<meta property=\"og:image:width\" content=\"546\" \/>\n\t<meta property=\"og:image:height\" content=\"440\" \/>\n\t<meta property=\"og:image:type\" content=\"image\/jpeg\" \/>\n<meta name=\"twitter:card\" content=\"summary_large_image\" \/>\n<meta name=\"twitter:label1\" content=\"Est. reading time\" \/>\n\t<meta name=\"twitter:data1\" content=\"1 minute\" \/>\n<script type=\"application\/ld+json\" class=\"yoast-schema-graph\">{\"@context\":\"https:\/\/schema.org\",\"@graph\":[{\"@type\":\"WebPage\",\"@id\":\"https:\/\/metalroofcanada.ca\/en\/product\/event-de-toiture-devacuation-unneo\/\",\"url\":\"https:\/\/metalroofcanada.ca\/en\/product\/event-de-toiture-devacuation-unneo\/\",\"name\":\"\u00c9vent de toiture d\u2019\u00e9vacuation UNNEO - metalroofcanada.ca\",\"isPartOf\":{\"@id\":\"https:\/\/metalroofcanada.ca\/en\/#website\"},\"primaryImageOfPage\":{\"@id\":\"https:\/\/metalroofcanada.ca\/en\/product\/event-de-toiture-devacuation-unneo\/#primaryimage\"},\"image\":{\"@id\":\"https:\/\/metalroofcanada.ca\/en\/product\/event-de-toiture-devacuation-unneo\/#primaryimage\"},\"thumbnailUrl\":\"https:\/\/metalroofcanada.ca\/wp-content\/uploads\/2026\/04\/screenshot_14-1.jpg\",\"datePublished\":\"2026-04-18T13:49:06+00:00\",\"dateModified\":\"2026-04-18T14:30:56+00:00\",\"breadcrumb\":{\"@id\":\"https:\/\/metalroofcanada.ca\/en\/product\/event-de-toiture-devacuation-unneo\/#breadcrumb\"},\"inLanguage\":\"en-CA\",\"potentialAction\":[{\"@type\":\"ReadAction\",\"target\":[\"https:\/\/metalroofcanada.ca\/en\/product\/event-de-toiture-devacuation-unneo\/\"]}]},{\"@type\":\"ImageObject\",\"inLanguage\":\"en-CA\",\"@id\":\"https:\/\/metalroofcanada.ca\/en\/product\/event-de-toiture-devacuation-unneo\/#primaryimage\",\"url\":\"https:\/\/metalroofcanada.ca\/wp-content\/uploads\/2026\/04\/screenshot_14-1.jpg\",\"contentUrl\":\"https:\/\/metalroofcanada.ca\/wp-content\/uploads\/2026\/04\/screenshot_14-1.jpg\",\"width\":546,\"height\":440},{\"@type\":\"BreadcrumbList\",\"@id\":\"https:\/\/metalroofcanada.ca\/en\/product\/event-de-toiture-devacuation-unneo\/#breadcrumb\",\"itemListElement\":[{\"@type\":\"ListItem\",\"position\":1,\"name\":\"Accueil\",\"item\":\"https:\/\/metalroofcanada.ca\/en\/home\/\"},{\"@type\":\"ListItem\",\"position\":2,\"name\":\"Produits\",\"item\":\"https:\/\/metalroofcanada.ca\/shop\/\"},{\"@type\":\"ListItem\",\"position\":3,\"name\":\"\u00c9vent de toiture d\u2019\u00e9vacuation UNNEO\"}]},{\"@type\":\"WebSite\",\"@id\":\"https:\/\/metalroofcanada.ca\/en\/#website\",\"url\":\"https:\/\/metalroofcanada.ca\/en\/\",\"name\":\"metalroofcanada.ca\",\"description\":\"Toiture M\u00e9tallique Montr\u00e9al\",\"potentialAction\":[{\"@type\":\"SearchAction\",\"target\":{\"@type\":\"EntryPoint\",\"urlTemplate\":\"https:\/\/metalroofcanada.ca\/en\/?s={search_term_string}\"},\"query-input\":{\"@type\":\"PropertyValueSpecification\",\"valueRequired\":true,\"valueName\":\"search_term_string\"}}],\"inLanguage\":\"en-CA\"}]}<\/script>\n<!-- \/ Yoast SEO plugin. -->","yoast_head_json":{"title":"\u00c9vent de toiture d\u2019\u00e9vacuation UNNEO - metalroofcanada.ca","robots":{"index":"index","follow":"follow","max-snippet":"max-snippet:-1","max-image-preview":"max-image-preview:large","max-video-preview":"max-video-preview:-1"},"canonical":"https:\/\/metalroofcanada.ca\/en\/product\/event-de-toiture-devacuation-unneo\/","og_locale":"en_US","og_type":"article","og_title":"\u00c9vent de toiture d\u2019\u00e9vacuation UNNEO - metalroofcanada.ca","og_description":"L\u2019\u00e9vent de toiture d\u2019\u00e9vacuation UNNEO est un \u00e9l\u00e9ment de ventilation haute performance con\u00e7u pour assurer une circulation d\u2019air efficace et un bon contr\u00f4le de l\u2019humidit\u00e9. Fabriqu\u00e9 \u00e0 partir de mat\u00e9riaux durables et r\u00e9sistants aux intemp\u00e9ries, il am\u00e9liore la long\u00e9vit\u00e9 de la toiture et la qualit\u00e9 de l\u2019air int\u00e9rieur.","og_url":"https:\/\/metalroofcanada.ca\/en\/product\/event-de-toiture-devacuation-unneo\/","og_site_name":"metalroofcanada.ca","article_modified_time":"2026-04-18T14:30:56+00:00","og_image":[{"width":546,"height":440,"url":"https:\/\/metalroofcanada.ca\/wp-content\/uploads\/2026\/04\/screenshot_14-1.jpg","type":"image\/jpeg"}],"twitter_card":"summary_large_image","twitter_misc":{"Est. reading time":"1 minute"},"schema":{"@context":"https:\/\/schema.org","@graph":[{"@type":"WebPage","@id":"https:\/\/metalroofcanada.ca\/en\/product\/event-de-toiture-devacuation-unneo\/","url":"https:\/\/metalroofcanada.ca\/en\/product\/event-de-toiture-devacuation-unneo\/","name":"\u00c9vent de toiture d\u2019\u00e9vacuation UNNEO - metalroofcanada.ca","isPartOf":{"@id":"https:\/\/metalroofcanada.ca\/en\/#website"},"primaryImageOfPage":{"@id":"https:\/\/metalroofcanada.ca\/en\/product\/event-de-toiture-devacuation-unneo\/#primaryimage"},"image":{"@id":"https:\/\/metalroofcanada.ca\/en\/product\/event-de-toiture-devacuation-unneo\/#primaryimage"},"thumbnailUrl":"https:\/\/metalroofcanada.ca\/wp-content\/uploads\/2026\/04\/screenshot_14-1.jpg","datePublished":"2026-04-18T13:49:06+00:00","dateModified":"2026-04-18T14:30:56+00:00","breadcrumb":{"@id":"https:\/\/metalroofcanada.ca\/en\/product\/event-de-toiture-devacuation-unneo\/#breadcrumb"},"inLanguage":"en-CA","potentialAction":[{"@type":"ReadAction","target":["https:\/\/metalroofcanada.ca\/en\/product\/event-de-toiture-devacuation-unneo\/"]}]},{"@type":"ImageObject","inLanguage":"en-CA","@id":"https:\/\/metalroofcanada.ca\/en\/product\/event-de-toiture-devacuation-unneo\/#primaryimage","url":"https:\/\/metalroofcanada.ca\/wp-content\/uploads\/2026\/04\/screenshot_14-1.jpg","contentUrl":"https:\/\/metalroofcanada.ca\/wp-content\/uploads\/2026\/04\/screenshot_14-1.jpg","width":546,"height":440},{"@type":"BreadcrumbList","@id":"https:\/\/metalroofcanada.ca\/en\/product\/event-de-toiture-devacuation-unneo\/#breadcrumb","itemListElement":[{"@type":"ListItem","position":1,"name":"Accueil","item":"https:\/\/metalroofcanada.ca\/en\/home\/"},{"@type":"ListItem","position":2,"name":"Produits","item":"https:\/\/metalroofcanada.ca\/shop\/"},{"@type":"ListItem","position":3,"name":"\u00c9vent de toiture d\u2019\u00e9vacuation UNNEO"}]},{"@type":"WebSite","@id":"https:\/\/metalroofcanada.ca\/en\/#website","url":"https:\/\/metalroofcanada.ca\/en\/","name":"metalroofcanada.ca","description":"Toiture M\u00e9tallique Montr\u00e9al","potentialAction":[{"@type":"SearchAction","target":{"@type":"EntryPoint","urlTemplate":"https:\/\/metalroofcanada.ca\/en\/?s={search_term_string}"},"query-input":{"@type":"PropertyValueSpecification","valueRequired":true,"valueName":"search_term_string"}}],"inLanguage":"en-CA"}]}},"_links":{"self":[{"href":"https:\/\/metalroofcanada.ca\/en\/wp-json\/wp\/v2\/product\/3697","targetHints":{"allow":["GET"]}}],"collection":[{"href":"https:\/\/metalroofcanada.ca\/en\/wp-json\/wp\/v2\/product"}],"about":[{"href":"https:\/\/metalroofcanada.ca\/en\/wp-json\/wp\/v2\/types\/product"}],"replies":[{"embeddable":true,"href":"https:\/\/metalroofcanada.ca\/en\/wp-json\/wp\/v2\/comments?post=3697"}],"wp:featuredmedia":[{"embeddable":true,"href":"https:\/\/metalroofcanada.ca\/en\/wp-json\/wp\/v2\/media\/3696"}],"wp:attachment":[{"href":"https:\/\/metalroofcanada.ca\/en\/wp-json\/wp\/v2\/media?parent=3697"}],"wp:term":[{"taxonomy":"product_brand","embeddable":true,"href":"https:\/\/metalroofcanada.ca\/en\/wp-json\/wp\/v2\/product_brand?post=3697"},{"taxonomy":"product_cat","embeddable":true,"href":"https:\/\/metalroofcanada.ca\/en\/wp-json\/wp\/v2\/product_cat?post=3697"},{"taxonomy":"product_tag","embeddable":true,"href":"https:\/\/metalroofcanada.ca\/en\/wp-json\/wp\/v2\/product_tag?post=3697"}],"curies":[{"name":"wp","href":"https:\/\/api.w.org\/{rel}","templated":true}]}}