{"id":3701,"date":"2026-04-18T09:49:07","date_gmt":"2026-04-18T13:49:07","guid":{"rendered":"https:\/\/metalroofcanada.ca\/product\/adaptateur-devent-de-toiture\/"},"modified":"2026-04-18T10:29:58","modified_gmt":"2026-04-18T14:29:58","slug":"adaptateur-devent-de-toiture","status":"publish","type":"product","link":"https:\/\/metalroofcanada.ca\/en\/product\/adaptateur-devent-de-toiture\/","title":{"rendered":"Exhaust Roof Vent Adapter"},"content":{"rendered":"<p>L\u2019adaptateur d\u2019\u00e9vent de toiture est un \u00e9l\u00e9ment de raccordement qui adapte les conduits de ventilation aux sorties d\u2019\u00e9vent de toiture. Il assure une connexion \u00e9tanche et s\u00e9curis\u00e9e entre les tuyaux d\u2019\u00e9vacuation et les \u00e9vents de toiture, am\u00e9liorant l\u2019efficacit\u00e9 de la circulation d\u2019air et r\u00e9duisant les risques de fuite d\u2019air.<\/p>\n<p>L\u2019adaptateur simplifie l\u2019installation et permet la compatibilit\u00e9 entre diff\u00e9rents composants de syst\u00e8me de ventilation, ce qui en fait une solution pratique pour les nouvelles installations comme pour les projets de modernisation.<\/p>","protected":false},"excerpt":{"rendered":"<p>L\u2019adaptateur d\u2019\u00e9vent de toiture est un raccord fiable con\u00e7u pour assurer l\u2019int\u00e9gration s\u00e9curitaire des syst\u00e8mes de ventilation de toiture. Fabriqu\u00e9 \u00e0 partir de mat\u00e9riaux durables et r\u00e9sistants aux intemp\u00e9ries, il offre une \u00e9tanch\u00e9it\u00e9 efficace et une performance durable pour les toitures r\u00e9sidentielles et commerciales.<\/p>","protected":false},"featured_media":3700,"comment_status":"open","ping_status":"closed","template":"","meta":{"_acf_changed":false},"product_brand":[],"product_cat":[128],"product_tag":[],"class_list":{"0":"post-3701","1":"product","2":"type-product","3":"status-publish","4":"has-post-thumbnail","6":"product_cat-accessoires","8":"first","9":"instock","10":"shipping-taxable","11":"product-type-simple"},"acf":[],"yoast_head":"<!-- This site is optimized with the Yoast SEO plugin v27.0 - https:\/\/yoast.com\/product\/yoast-seo-wordpress\/ -->\n<title>Adaptateur d\u2019\u00e9vent de toiture - metalroofcanada.ca<\/title>\n<meta name=\"robots\" content=\"index, follow, max-snippet:-1, max-image-preview:large, max-video-preview:-1\" \/>\n<link rel=\"canonical\" href=\"https:\/\/metalroofcanada.ca\/en\/product\/adaptateur-devent-de-toiture\/\" \/>\n<meta property=\"og:locale\" content=\"en_US\" \/>\n<meta property=\"og:type\" content=\"article\" \/>\n<meta property=\"og:title\" content=\"Adaptateur d\u2019\u00e9vent de toiture - metalroofcanada.ca\" \/>\n<meta property=\"og:description\" content=\"L\u2019adaptateur d\u2019\u00e9vent de toiture est un raccord fiable con\u00e7u pour assurer l\u2019int\u00e9gration s\u00e9curitaire des syst\u00e8mes de ventilation de toiture. Fabriqu\u00e9 \u00e0 partir de mat\u00e9riaux durables et r\u00e9sistants aux intemp\u00e9ries, il offre une \u00e9tanch\u00e9it\u00e9 efficace et une performance durable pour les toitures r\u00e9sidentielles et commerciales.\" \/>\n<meta property=\"og:url\" content=\"https:\/\/metalroofcanada.ca\/en\/product\/adaptateur-devent-de-toiture\/\" \/>\n<meta property=\"og:site_name\" content=\"metalroofcanada.ca\" \/>\n<meta property=\"article:modified_time\" content=\"2026-04-18T14:29:58+00:00\" \/>\n<meta property=\"og:image\" content=\"https:\/\/metalroofcanada.ca\/wp-content\/uploads\/2026\/04\/screenshot_19-1.jpg\" \/>\n\t<meta property=\"og:image:width\" content=\"549\" \/>\n\t<meta property=\"og:image:height\" content=\"443\" \/>\n\t<meta property=\"og:image:type\" content=\"image\/jpeg\" \/>\n<meta name=\"twitter:card\" content=\"summary_large_image\" \/>\n<script type=\"application\/ld+json\" class=\"yoast-schema-graph\">{\"@context\":\"https:\/\/schema.org\",\"@graph\":[{\"@type\":\"WebPage\",\"@id\":\"https:\/\/metalroofcanada.ca\/en\/product\/adaptateur-devent-de-toiture\/\",\"url\":\"https:\/\/metalroofcanada.ca\/en\/product\/adaptateur-devent-de-toiture\/\",\"name\":\"Adaptateur d\u2019\u00e9vent de toiture - metalroofcanada.ca\",\"isPartOf\":{\"@id\":\"https:\/\/metalroofcanada.ca\/en\/#website\"},\"primaryImageOfPage\":{\"@id\":\"https:\/\/metalroofcanada.ca\/en\/product\/adaptateur-devent-de-toiture\/#primaryimage\"},\"image\":{\"@id\":\"https:\/\/metalroofcanada.ca\/en\/product\/adaptateur-devent-de-toiture\/#primaryimage\"},\"thumbnailUrl\":\"https:\/\/metalroofcanada.ca\/wp-content\/uploads\/2026\/04\/screenshot_19-1.jpg\",\"datePublished\":\"2026-04-18T13:49:07+00:00\",\"dateModified\":\"2026-04-18T14:29:58+00:00\",\"breadcrumb\":{\"@id\":\"https:\/\/metalroofcanada.ca\/en\/product\/adaptateur-devent-de-toiture\/#breadcrumb\"},\"inLanguage\":\"en-CA\",\"potentialAction\":[{\"@type\":\"ReadAction\",\"target\":[\"https:\/\/metalroofcanada.ca\/en\/product\/adaptateur-devent-de-toiture\/\"]}]},{\"@type\":\"ImageObject\",\"inLanguage\":\"en-CA\",\"@id\":\"https:\/\/metalroofcanada.ca\/en\/product\/adaptateur-devent-de-toiture\/#primaryimage\",\"url\":\"https:\/\/metalroofcanada.ca\/wp-content\/uploads\/2026\/04\/screenshot_19-1.jpg\",\"contentUrl\":\"https:\/\/metalroofcanada.ca\/wp-content\/uploads\/2026\/04\/screenshot_19-1.jpg\",\"width\":549,\"height\":443},{\"@type\":\"BreadcrumbList\",\"@id\":\"https:\/\/metalroofcanada.ca\/en\/product\/adaptateur-devent-de-toiture\/#breadcrumb\",\"itemListElement\":[{\"@type\":\"ListItem\",\"position\":1,\"name\":\"Accueil\",\"item\":\"https:\/\/metalroofcanada.ca\/en\/home\/\"},{\"@type\":\"ListItem\",\"position\":2,\"name\":\"Produits\",\"item\":\"https:\/\/metalroofcanada.ca\/shop\/\"},{\"@type\":\"ListItem\",\"position\":3,\"name\":\"Adaptateur d\u2019\u00e9vent de toiture\"}]},{\"@type\":\"WebSite\",\"@id\":\"https:\/\/metalroofcanada.ca\/en\/#website\",\"url\":\"https:\/\/metalroofcanada.ca\/en\/\",\"name\":\"metalroofcanada.ca\",\"description\":\"Toiture M\u00e9tallique Montr\u00e9al\",\"potentialAction\":[{\"@type\":\"SearchAction\",\"target\":{\"@type\":\"EntryPoint\",\"urlTemplate\":\"https:\/\/metalroofcanada.ca\/en\/?s={search_term_string}\"},\"query-input\":{\"@type\":\"PropertyValueSpecification\",\"valueRequired\":true,\"valueName\":\"search_term_string\"}}],\"inLanguage\":\"en-CA\"}]}<\/script>\n<!-- \/ Yoast SEO plugin. -->","yoast_head_json":{"title":"Adaptateur d\u2019\u00e9vent de toiture - metalroofcanada.ca","robots":{"index":"index","follow":"follow","max-snippet":"max-snippet:-1","max-image-preview":"max-image-preview:large","max-video-preview":"max-video-preview:-1"},"canonical":"https:\/\/metalroofcanada.ca\/en\/product\/adaptateur-devent-de-toiture\/","og_locale":"en_US","og_type":"article","og_title":"Adaptateur d\u2019\u00e9vent de toiture - metalroofcanada.ca","og_description":"L\u2019adaptateur d\u2019\u00e9vent de toiture est un raccord fiable con\u00e7u pour assurer l\u2019int\u00e9gration s\u00e9curitaire des syst\u00e8mes de ventilation de toiture. Fabriqu\u00e9 \u00e0 partir de mat\u00e9riaux durables et r\u00e9sistants aux intemp\u00e9ries, il offre une \u00e9tanch\u00e9it\u00e9 efficace et une performance durable pour les toitures r\u00e9sidentielles et commerciales.","og_url":"https:\/\/metalroofcanada.ca\/en\/product\/adaptateur-devent-de-toiture\/","og_site_name":"metalroofcanada.ca","article_modified_time":"2026-04-18T14:29:58+00:00","og_image":[{"width":549,"height":443,"url":"https:\/\/metalroofcanada.ca\/wp-content\/uploads\/2026\/04\/screenshot_19-1.jpg","type":"image\/jpeg"}],"twitter_card":"summary_large_image","schema":{"@context":"https:\/\/schema.org","@graph":[{"@type":"WebPage","@id":"https:\/\/metalroofcanada.ca\/en\/product\/adaptateur-devent-de-toiture\/","url":"https:\/\/metalroofcanada.ca\/en\/product\/adaptateur-devent-de-toiture\/","name":"Adaptateur d\u2019\u00e9vent de toiture - metalroofcanada.ca","isPartOf":{"@id":"https:\/\/metalroofcanada.ca\/en\/#website"},"primaryImageOfPage":{"@id":"https:\/\/metalroofcanada.ca\/en\/product\/adaptateur-devent-de-toiture\/#primaryimage"},"image":{"@id":"https:\/\/metalroofcanada.ca\/en\/product\/adaptateur-devent-de-toiture\/#primaryimage"},"thumbnailUrl":"https:\/\/metalroofcanada.ca\/wp-content\/uploads\/2026\/04\/screenshot_19-1.jpg","datePublished":"2026-04-18T13:49:07+00:00","dateModified":"2026-04-18T14:29:58+00:00","breadcrumb":{"@id":"https:\/\/metalroofcanada.ca\/en\/product\/adaptateur-devent-de-toiture\/#breadcrumb"},"inLanguage":"en-CA","potentialAction":[{"@type":"ReadAction","target":["https:\/\/metalroofcanada.ca\/en\/product\/adaptateur-devent-de-toiture\/"]}]},{"@type":"ImageObject","inLanguage":"en-CA","@id":"https:\/\/metalroofcanada.ca\/en\/product\/adaptateur-devent-de-toiture\/#primaryimage","url":"https:\/\/metalroofcanada.ca\/wp-content\/uploads\/2026\/04\/screenshot_19-1.jpg","contentUrl":"https:\/\/metalroofcanada.ca\/wp-content\/uploads\/2026\/04\/screenshot_19-1.jpg","width":549,"height":443},{"@type":"BreadcrumbList","@id":"https:\/\/metalroofcanada.ca\/en\/product\/adaptateur-devent-de-toiture\/#breadcrumb","itemListElement":[{"@type":"ListItem","position":1,"name":"Accueil","item":"https:\/\/metalroofcanada.ca\/en\/home\/"},{"@type":"ListItem","position":2,"name":"Produits","item":"https:\/\/metalroofcanada.ca\/shop\/"},{"@type":"ListItem","position":3,"name":"Adaptateur d\u2019\u00e9vent de toiture"}]},{"@type":"WebSite","@id":"https:\/\/metalroofcanada.ca\/en\/#website","url":"https:\/\/metalroofcanada.ca\/en\/","name":"metalroofcanada.ca","description":"Toiture M\u00e9tallique Montr\u00e9al","potentialAction":[{"@type":"SearchAction","target":{"@type":"EntryPoint","urlTemplate":"https:\/\/metalroofcanada.ca\/en\/?s={search_term_string}"},"query-input":{"@type":"PropertyValueSpecification","valueRequired":true,"valueName":"search_term_string"}}],"inLanguage":"en-CA"}]}},"_links":{"self":[{"href":"https:\/\/metalroofcanada.ca\/en\/wp-json\/wp\/v2\/product\/3701","targetHints":{"allow":["GET"]}}],"collection":[{"href":"https:\/\/metalroofcanada.ca\/en\/wp-json\/wp\/v2\/product"}],"about":[{"href":"https:\/\/metalroofcanada.ca\/en\/wp-json\/wp\/v2\/types\/product"}],"replies":[{"embeddable":true,"href":"https:\/\/metalroofcanada.ca\/en\/wp-json\/wp\/v2\/comments?post=3701"}],"wp:featuredmedia":[{"embeddable":true,"href":"https:\/\/metalroofcanada.ca\/en\/wp-json\/wp\/v2\/media\/3700"}],"wp:attachment":[{"href":"https:\/\/metalroofcanada.ca\/en\/wp-json\/wp\/v2\/media?parent=3701"}],"wp:term":[{"taxonomy":"product_brand","embeddable":true,"href":"https:\/\/metalroofcanada.ca\/en\/wp-json\/wp\/v2\/product_brand?post=3701"},{"taxonomy":"product_cat","embeddable":true,"href":"https:\/\/metalroofcanada.ca\/en\/wp-json\/wp\/v2\/product_cat?post=3701"},{"taxonomy":"product_tag","embeddable":true,"href":"https:\/\/metalroofcanada.ca\/en\/wp-json\/wp\/v2\/product_tag?post=3701"}],"curies":[{"name":"wp","href":"https:\/\/api.w.org\/{rel}","templated":true}]}}