{"id":3706,"date":"2026-04-18T09:56:19","date_gmt":"2026-04-18T13:56:19","guid":{"rendered":"https:\/\/metalroofcanada.ca\/product\/treillis-metallique-galvanise\/"},"modified":"2026-04-18T19:55:25","modified_gmt":"2026-04-18T23:55:25","slug":"treillis-metallique-galvanise","status":"publish","type":"product","link":"https:\/\/metalroofcanada.ca\/en\/product\/treillis-metallique-galvanise\/","title":{"rendered":"Galvanized Wire Mesh"},"content":{"rendered":"<p>Le treillis m\u00e9tallique galvanis\u00e9 permet une circulation d\u2019air continue tout en bloquant efficacement les oiseaux, les rongeurs, les insectes et les d\u00e9bris dans les cavit\u00e9s de toiture, les soffites, les \u00e9vents de fa\u00eetage et les autres zones de ventilation. Il aide ainsi \u00e0 maintenir des voies d\u2019a\u00e9ration propres et fonctionnelles dans l\u2019ensemble du syst\u00e8me de toiture.<\/p>\n<p>Fabriqu\u00e9 en acier galvanis\u00e9, le treillis r\u00e9siste \u00e0 la corrosion et offre une performance fiable \u00e0 l\u2019ext\u00e9rieur ainsi que dans les environnements humides. Il conserve son int\u00e9grit\u00e9 structurale au fil du temps, m\u00eame lorsqu\u2019il est expos\u00e9 aux variations climatiques.<\/p>\n<p>Sa structure souple permet une coupe et une adaptation faciles sur le chantier, ce qui en fait une solution pratique pour diff\u00e9rentes applications de toiture et de construction.<\/p>","protected":false},"excerpt":{"rendered":"<p>Le treillis m\u00e9tallique galvanis\u00e9 est un grillage en acier durable con\u00e7u pour emp\u00eacher les d\u00e9bris et les nuisibles de p\u00e9n\u00e9trer dans les zones de ventilation de la toiture. R\u00e9sistant \u00e0 la corrosion et durable, il am\u00e9liore la s\u00e9curit\u00e9 et la performance globale du syst\u00e8me de toiture.<\/p>","protected":false},"featured_media":3762,"comment_status":"open","ping_status":"closed","template":"","meta":{"_acf_changed":false},"product_brand":[],"product_cat":[128],"product_tag":[],"class_list":{"0":"post-3706","1":"product","2":"type-product","3":"status-publish","4":"has-post-thumbnail","6":"product_cat-accessoires","8":"first","9":"instock","10":"shipping-taxable","11":"product-type-simple"},"acf":[],"yoast_head":"<!-- This site is optimized with the Yoast SEO plugin v27.0 - https:\/\/yoast.com\/product\/yoast-seo-wordpress\/ -->\n<title>Treillis m\u00e9tallique galvanis\u00e9 - metalroofcanada.ca<\/title>\n<meta name=\"robots\" content=\"index, follow, max-snippet:-1, max-image-preview:large, max-video-preview:-1\" \/>\n<link rel=\"canonical\" href=\"https:\/\/metalroofcanada.ca\/en\/product\/treillis-metallique-galvanise\/\" \/>\n<meta property=\"og:locale\" content=\"en_US\" \/>\n<meta property=\"og:type\" content=\"article\" \/>\n<meta property=\"og:title\" content=\"Treillis m\u00e9tallique galvanis\u00e9 - metalroofcanada.ca\" \/>\n<meta property=\"og:description\" content=\"Le treillis m\u00e9tallique galvanis\u00e9 est un grillage en acier durable con\u00e7u pour emp\u00eacher les d\u00e9bris et les nuisibles de p\u00e9n\u00e9trer dans les zones de ventilation de la toiture. R\u00e9sistant \u00e0 la corrosion et durable, il am\u00e9liore la s\u00e9curit\u00e9 et la performance globale du syst\u00e8me de toiture.\" \/>\n<meta property=\"og:url\" content=\"https:\/\/metalroofcanada.ca\/en\/product\/treillis-metallique-galvanise\/\" \/>\n<meta property=\"og:site_name\" content=\"metalroofcanada.ca\" \/>\n<meta property=\"article:modified_time\" content=\"2026-04-18T23:55:25+00:00\" \/>\n<meta property=\"og:image\" content=\"https:\/\/metalroofcanada.ca\/wp-content\/uploads\/2026\/04\/3.webp\" \/>\n\t<meta property=\"og:image:width\" content=\"1536\" \/>\n\t<meta property=\"og:image:height\" content=\"1024\" \/>\n\t<meta property=\"og:image:type\" content=\"image\/webp\" \/>\n<meta name=\"twitter:card\" content=\"summary_large_image\" \/>\n<meta name=\"twitter:label1\" content=\"Est. reading time\" \/>\n\t<meta name=\"twitter:data1\" content=\"1 minute\" \/>\n<script type=\"application\/ld+json\" class=\"yoast-schema-graph\">{\"@context\":\"https:\/\/schema.org\",\"@graph\":[{\"@type\":\"WebPage\",\"@id\":\"https:\/\/metalroofcanada.ca\/en\/product\/treillis-metallique-galvanise\/\",\"url\":\"https:\/\/metalroofcanada.ca\/en\/product\/treillis-metallique-galvanise\/\",\"name\":\"Treillis m\u00e9tallique galvanis\u00e9 - metalroofcanada.ca\",\"isPartOf\":{\"@id\":\"https:\/\/metalroofcanada.ca\/en\/#website\"},\"primaryImageOfPage\":{\"@id\":\"https:\/\/metalroofcanada.ca\/en\/product\/treillis-metallique-galvanise\/#primaryimage\"},\"image\":{\"@id\":\"https:\/\/metalroofcanada.ca\/en\/product\/treillis-metallique-galvanise\/#primaryimage\"},\"thumbnailUrl\":\"https:\/\/metalroofcanada.ca\/wp-content\/uploads\/2026\/04\/3.webp\",\"datePublished\":\"2026-04-18T13:56:19+00:00\",\"dateModified\":\"2026-04-18T23:55:25+00:00\",\"breadcrumb\":{\"@id\":\"https:\/\/metalroofcanada.ca\/en\/product\/treillis-metallique-galvanise\/#breadcrumb\"},\"inLanguage\":\"en-CA\",\"potentialAction\":[{\"@type\":\"ReadAction\",\"target\":[\"https:\/\/metalroofcanada.ca\/en\/product\/treillis-metallique-galvanise\/\"]}]},{\"@type\":\"ImageObject\",\"inLanguage\":\"en-CA\",\"@id\":\"https:\/\/metalroofcanada.ca\/en\/product\/treillis-metallique-galvanise\/#primaryimage\",\"url\":\"https:\/\/metalroofcanada.ca\/wp-content\/uploads\/2026\/04\/3.webp\",\"contentUrl\":\"https:\/\/metalroofcanada.ca\/wp-content\/uploads\/2026\/04\/3.webp\",\"width\":1536,\"height\":1024},{\"@type\":\"BreadcrumbList\",\"@id\":\"https:\/\/metalroofcanada.ca\/en\/product\/treillis-metallique-galvanise\/#breadcrumb\",\"itemListElement\":[{\"@type\":\"ListItem\",\"position\":1,\"name\":\"Accueil\",\"item\":\"https:\/\/metalroofcanada.ca\/en\/home\/\"},{\"@type\":\"ListItem\",\"position\":2,\"name\":\"Produits\",\"item\":\"https:\/\/metalroofcanada.ca\/shop\/\"},{\"@type\":\"ListItem\",\"position\":3,\"name\":\"Treillis m\u00e9tallique galvanis\u00e9\"}]},{\"@type\":\"WebSite\",\"@id\":\"https:\/\/metalroofcanada.ca\/en\/#website\",\"url\":\"https:\/\/metalroofcanada.ca\/en\/\",\"name\":\"metalroofcanada.ca\",\"description\":\"Toiture M\u00e9tallique Montr\u00e9al\",\"potentialAction\":[{\"@type\":\"SearchAction\",\"target\":{\"@type\":\"EntryPoint\",\"urlTemplate\":\"https:\/\/metalroofcanada.ca\/en\/?s={search_term_string}\"},\"query-input\":{\"@type\":\"PropertyValueSpecification\",\"valueRequired\":true,\"valueName\":\"search_term_string\"}}],\"inLanguage\":\"en-CA\"}]}<\/script>\n<!-- \/ Yoast SEO plugin. -->","yoast_head_json":{"title":"Treillis m\u00e9tallique galvanis\u00e9 - metalroofcanada.ca","robots":{"index":"index","follow":"follow","max-snippet":"max-snippet:-1","max-image-preview":"max-image-preview:large","max-video-preview":"max-video-preview:-1"},"canonical":"https:\/\/metalroofcanada.ca\/en\/product\/treillis-metallique-galvanise\/","og_locale":"en_US","og_type":"article","og_title":"Treillis m\u00e9tallique galvanis\u00e9 - metalroofcanada.ca","og_description":"Le treillis m\u00e9tallique galvanis\u00e9 est un grillage en acier durable con\u00e7u pour emp\u00eacher les d\u00e9bris et les nuisibles de p\u00e9n\u00e9trer dans les zones de ventilation de la toiture. R\u00e9sistant \u00e0 la corrosion et durable, il am\u00e9liore la s\u00e9curit\u00e9 et la performance globale du syst\u00e8me de toiture.","og_url":"https:\/\/metalroofcanada.ca\/en\/product\/treillis-metallique-galvanise\/","og_site_name":"metalroofcanada.ca","article_modified_time":"2026-04-18T23:55:25+00:00","og_image":[{"width":1536,"height":1024,"url":"https:\/\/metalroofcanada.ca\/wp-content\/uploads\/2026\/04\/3.webp","type":"image\/webp"}],"twitter_card":"summary_large_image","twitter_misc":{"Est. reading time":"1 minute"},"schema":{"@context":"https:\/\/schema.org","@graph":[{"@type":"WebPage","@id":"https:\/\/metalroofcanada.ca\/en\/product\/treillis-metallique-galvanise\/","url":"https:\/\/metalroofcanada.ca\/en\/product\/treillis-metallique-galvanise\/","name":"Treillis m\u00e9tallique galvanis\u00e9 - metalroofcanada.ca","isPartOf":{"@id":"https:\/\/metalroofcanada.ca\/en\/#website"},"primaryImageOfPage":{"@id":"https:\/\/metalroofcanada.ca\/en\/product\/treillis-metallique-galvanise\/#primaryimage"},"image":{"@id":"https:\/\/metalroofcanada.ca\/en\/product\/treillis-metallique-galvanise\/#primaryimage"},"thumbnailUrl":"https:\/\/metalroofcanada.ca\/wp-content\/uploads\/2026\/04\/3.webp","datePublished":"2026-04-18T13:56:19+00:00","dateModified":"2026-04-18T23:55:25+00:00","breadcrumb":{"@id":"https:\/\/metalroofcanada.ca\/en\/product\/treillis-metallique-galvanise\/#breadcrumb"},"inLanguage":"en-CA","potentialAction":[{"@type":"ReadAction","target":["https:\/\/metalroofcanada.ca\/en\/product\/treillis-metallique-galvanise\/"]}]},{"@type":"ImageObject","inLanguage":"en-CA","@id":"https:\/\/metalroofcanada.ca\/en\/product\/treillis-metallique-galvanise\/#primaryimage","url":"https:\/\/metalroofcanada.ca\/wp-content\/uploads\/2026\/04\/3.webp","contentUrl":"https:\/\/metalroofcanada.ca\/wp-content\/uploads\/2026\/04\/3.webp","width":1536,"height":1024},{"@type":"BreadcrumbList","@id":"https:\/\/metalroofcanada.ca\/en\/product\/treillis-metallique-galvanise\/#breadcrumb","itemListElement":[{"@type":"ListItem","position":1,"name":"Accueil","item":"https:\/\/metalroofcanada.ca\/en\/home\/"},{"@type":"ListItem","position":2,"name":"Produits","item":"https:\/\/metalroofcanada.ca\/shop\/"},{"@type":"ListItem","position":3,"name":"Treillis m\u00e9tallique galvanis\u00e9"}]},{"@type":"WebSite","@id":"https:\/\/metalroofcanada.ca\/en\/#website","url":"https:\/\/metalroofcanada.ca\/en\/","name":"metalroofcanada.ca","description":"Toiture M\u00e9tallique Montr\u00e9al","potentialAction":[{"@type":"SearchAction","target":{"@type":"EntryPoint","urlTemplate":"https:\/\/metalroofcanada.ca\/en\/?s={search_term_string}"},"query-input":{"@type":"PropertyValueSpecification","valueRequired":true,"valueName":"search_term_string"}}],"inLanguage":"en-CA"}]}},"_links":{"self":[{"href":"https:\/\/metalroofcanada.ca\/en\/wp-json\/wp\/v2\/product\/3706","targetHints":{"allow":["GET"]}}],"collection":[{"href":"https:\/\/metalroofcanada.ca\/en\/wp-json\/wp\/v2\/product"}],"about":[{"href":"https:\/\/metalroofcanada.ca\/en\/wp-json\/wp\/v2\/types\/product"}],"replies":[{"embeddable":true,"href":"https:\/\/metalroofcanada.ca\/en\/wp-json\/wp\/v2\/comments?post=3706"}],"wp:featuredmedia":[{"embeddable":true,"href":"https:\/\/metalroofcanada.ca\/en\/wp-json\/wp\/v2\/media\/3762"}],"wp:attachment":[{"href":"https:\/\/metalroofcanada.ca\/en\/wp-json\/wp\/v2\/media?parent=3706"}],"wp:term":[{"taxonomy":"product_brand","embeddable":true,"href":"https:\/\/metalroofcanada.ca\/en\/wp-json\/wp\/v2\/product_brand?post=3706"},{"taxonomy":"product_cat","embeddable":true,"href":"https:\/\/metalroofcanada.ca\/en\/wp-json\/wp\/v2\/product_cat?post=3706"},{"taxonomy":"product_tag","embeddable":true,"href":"https:\/\/metalroofcanada.ca\/en\/wp-json\/wp\/v2\/product_tag?post=3706"}],"curies":[{"name":"wp","href":"https:\/\/api.w.org\/{rel}","templated":true}]}}