{"id":3711,"date":"2026-04-18T09:56:20","date_gmt":"2026-04-18T13:56:20","guid":{"rendered":"https:\/\/metalroofcanada.ca\/product\/geo-roll-240-mm-2\/"},"modified":"2026-04-18T20:37:23","modified_gmt":"2026-04-19T00:37:23","slug":"geo-roll-240-mm-2","status":"publish","type":"product","link":"https:\/\/metalroofcanada.ca\/en\/product\/geo-roll-240-mm-2\/","title":{"rendered":"Geo Roll 240 mm"},"content":{"rendered":"<p>Geo Roll 240 mm est une bande de ventilation et d\u2019\u00e9tanch\u00e9it\u00e9 utilis\u00e9e au niveau des fa\u00eetages et des ar\u00eatiers pour prot\u00e9ger les assemblages de toiture contre l\u2019humidit\u00e9, la neige et la poussi\u00e8re. Il combine une bande d\u2019aluminium durable, un g\u00e9otextile et un ruban adh\u00e9sif en butyle auto-adh\u00e9sif afin de former une bande de fa\u00eetage l\u00e9g\u00e8re et respirante qui s\u2019adapte aux profils de toiture m\u00e9tallique et assure une ventilation continue tout en prot\u00e9geant contre les infiltrations.<\/p>\n<p>Ce produit convient aux syst\u00e8mes de toiture en tuiles m\u00e9talliques ou \u00e0 joints debout et contribue \u00e0 maintenir une bonne circulation d\u2019air le long du fa\u00eetage tout en emp\u00eachant l\u2019humidit\u00e9 de p\u00e9n\u00e9trer.<\/p>","protected":false},"excerpt":{"rendered":"<p>Geo Roll 240 mm est un rouleau de ventilation de fa\u00eetage de haute qualit\u00e9 con\u00e7u pour assurer une bonne circulation d\u2019air et une \u00e9tanch\u00e9it\u00e9 fiable du fa\u00eetage. Fabriqu\u00e9 \u00e0 partir de mat\u00e9riaux durables et r\u00e9sistants aux intemp\u00e9ries, il offre une protection durable contre l\u2019humidit\u00e9 et les infiltrations caus\u00e9es par le vent.<\/p>","protected":false},"featured_media":3710,"comment_status":"open","ping_status":"closed","template":"","meta":{"_acf_changed":false},"product_brand":[],"product_cat":[128],"product_tag":[],"class_list":{"0":"post-3711","1":"product","2":"type-product","3":"status-publish","4":"has-post-thumbnail","6":"product_cat-accessoires","8":"first","9":"instock","10":"shipping-taxable","11":"product-type-simple"},"acf":[],"yoast_head":"<!-- This site is optimized with the Yoast SEO plugin v27.0 - https:\/\/yoast.com\/product\/yoast-seo-wordpress\/ -->\n<title>Geo Roll 240 mm - metalroofcanada.ca<\/title>\n<meta name=\"robots\" content=\"index, follow, max-snippet:-1, max-image-preview:large, max-video-preview:-1\" \/>\n<link rel=\"canonical\" href=\"https:\/\/metalroofcanada.ca\/en\/product\/geo-roll-240-mm-2\/\" \/>\n<meta property=\"og:locale\" content=\"en_US\" \/>\n<meta property=\"og:type\" content=\"article\" \/>\n<meta property=\"og:title\" content=\"Geo Roll 240 mm - metalroofcanada.ca\" \/>\n<meta property=\"og:description\" content=\"Geo Roll 240 mm est un rouleau de ventilation de fa\u00eetage de haute qualit\u00e9 con\u00e7u pour assurer une bonne circulation d\u2019air et une \u00e9tanch\u00e9it\u00e9 fiable du fa\u00eetage. Fabriqu\u00e9 \u00e0 partir de mat\u00e9riaux durables et r\u00e9sistants aux intemp\u00e9ries, il offre une protection durable contre l\u2019humidit\u00e9 et les infiltrations caus\u00e9es par le vent.\" \/>\n<meta property=\"og:url\" content=\"https:\/\/metalroofcanada.ca\/en\/product\/geo-roll-240-mm-2\/\" \/>\n<meta property=\"og:site_name\" content=\"metalroofcanada.ca\" \/>\n<meta property=\"article:modified_time\" content=\"2026-04-19T00:37:23+00:00\" \/>\n<meta property=\"og:image\" content=\"https:\/\/metalroofcanada.ca\/wp-content\/uploads\/2026\/04\/screenshot_24-1.jpg\" \/>\n\t<meta property=\"og:image:width\" content=\"605\" \/>\n\t<meta property=\"og:image:height\" content=\"451\" \/>\n\t<meta property=\"og:image:type\" content=\"image\/jpeg\" \/>\n<meta name=\"twitter:card\" content=\"summary_large_image\" \/>\n<meta name=\"twitter:label1\" content=\"Est. reading time\" \/>\n\t<meta name=\"twitter:data1\" content=\"1 minute\" \/>\n<script type=\"application\/ld+json\" class=\"yoast-schema-graph\">{\"@context\":\"https:\/\/schema.org\",\"@graph\":[{\"@type\":\"WebPage\",\"@id\":\"https:\/\/metalroofcanada.ca\/en\/product\/geo-roll-240-mm-2\/\",\"url\":\"https:\/\/metalroofcanada.ca\/en\/product\/geo-roll-240-mm-2\/\",\"name\":\"Geo Roll 240 mm - metalroofcanada.ca\",\"isPartOf\":{\"@id\":\"https:\/\/metalroofcanada.ca\/en\/#website\"},\"primaryImageOfPage\":{\"@id\":\"https:\/\/metalroofcanada.ca\/en\/product\/geo-roll-240-mm-2\/#primaryimage\"},\"image\":{\"@id\":\"https:\/\/metalroofcanada.ca\/en\/product\/geo-roll-240-mm-2\/#primaryimage\"},\"thumbnailUrl\":\"https:\/\/metalroofcanada.ca\/wp-content\/uploads\/2026\/04\/screenshot_24-1.jpg\",\"datePublished\":\"2026-04-18T13:56:20+00:00\",\"dateModified\":\"2026-04-19T00:37:23+00:00\",\"breadcrumb\":{\"@id\":\"https:\/\/metalroofcanada.ca\/en\/product\/geo-roll-240-mm-2\/#breadcrumb\"},\"inLanguage\":\"en-CA\",\"potentialAction\":[{\"@type\":\"ReadAction\",\"target\":[\"https:\/\/metalroofcanada.ca\/en\/product\/geo-roll-240-mm-2\/\"]}]},{\"@type\":\"ImageObject\",\"inLanguage\":\"en-CA\",\"@id\":\"https:\/\/metalroofcanada.ca\/en\/product\/geo-roll-240-mm-2\/#primaryimage\",\"url\":\"https:\/\/metalroofcanada.ca\/wp-content\/uploads\/2026\/04\/screenshot_24-1.jpg\",\"contentUrl\":\"https:\/\/metalroofcanada.ca\/wp-content\/uploads\/2026\/04\/screenshot_24-1.jpg\",\"width\":605,\"height\":451},{\"@type\":\"BreadcrumbList\",\"@id\":\"https:\/\/metalroofcanada.ca\/en\/product\/geo-roll-240-mm-2\/#breadcrumb\",\"itemListElement\":[{\"@type\":\"ListItem\",\"position\":1,\"name\":\"Accueil\",\"item\":\"https:\/\/metalroofcanada.ca\/en\/home\/\"},{\"@type\":\"ListItem\",\"position\":2,\"name\":\"Produits\",\"item\":\"https:\/\/metalroofcanada.ca\/shop\/\"},{\"@type\":\"ListItem\",\"position\":3,\"name\":\"Geo Roll 240 mm\"}]},{\"@type\":\"WebSite\",\"@id\":\"https:\/\/metalroofcanada.ca\/en\/#website\",\"url\":\"https:\/\/metalroofcanada.ca\/en\/\",\"name\":\"metalroofcanada.ca\",\"description\":\"Toiture M\u00e9tallique Montr\u00e9al\",\"potentialAction\":[{\"@type\":\"SearchAction\",\"target\":{\"@type\":\"EntryPoint\",\"urlTemplate\":\"https:\/\/metalroofcanada.ca\/en\/?s={search_term_string}\"},\"query-input\":{\"@type\":\"PropertyValueSpecification\",\"valueRequired\":true,\"valueName\":\"search_term_string\"}}],\"inLanguage\":\"en-CA\"}]}<\/script>\n<!-- \/ Yoast SEO plugin. -->","yoast_head_json":{"title":"Geo Roll 240 mm - metalroofcanada.ca","robots":{"index":"index","follow":"follow","max-snippet":"max-snippet:-1","max-image-preview":"max-image-preview:large","max-video-preview":"max-video-preview:-1"},"canonical":"https:\/\/metalroofcanada.ca\/en\/product\/geo-roll-240-mm-2\/","og_locale":"en_US","og_type":"article","og_title":"Geo Roll 240 mm - metalroofcanada.ca","og_description":"Geo Roll 240 mm est un rouleau de ventilation de fa\u00eetage de haute qualit\u00e9 con\u00e7u pour assurer une bonne circulation d\u2019air et une \u00e9tanch\u00e9it\u00e9 fiable du fa\u00eetage. Fabriqu\u00e9 \u00e0 partir de mat\u00e9riaux durables et r\u00e9sistants aux intemp\u00e9ries, il offre une protection durable contre l\u2019humidit\u00e9 et les infiltrations caus\u00e9es par le vent.","og_url":"https:\/\/metalroofcanada.ca\/en\/product\/geo-roll-240-mm-2\/","og_site_name":"metalroofcanada.ca","article_modified_time":"2026-04-19T00:37:23+00:00","og_image":[{"width":605,"height":451,"url":"https:\/\/metalroofcanada.ca\/wp-content\/uploads\/2026\/04\/screenshot_24-1.jpg","type":"image\/jpeg"}],"twitter_card":"summary_large_image","twitter_misc":{"Est. reading time":"1 minute"},"schema":{"@context":"https:\/\/schema.org","@graph":[{"@type":"WebPage","@id":"https:\/\/metalroofcanada.ca\/en\/product\/geo-roll-240-mm-2\/","url":"https:\/\/metalroofcanada.ca\/en\/product\/geo-roll-240-mm-2\/","name":"Geo Roll 240 mm - metalroofcanada.ca","isPartOf":{"@id":"https:\/\/metalroofcanada.ca\/en\/#website"},"primaryImageOfPage":{"@id":"https:\/\/metalroofcanada.ca\/en\/product\/geo-roll-240-mm-2\/#primaryimage"},"image":{"@id":"https:\/\/metalroofcanada.ca\/en\/product\/geo-roll-240-mm-2\/#primaryimage"},"thumbnailUrl":"https:\/\/metalroofcanada.ca\/wp-content\/uploads\/2026\/04\/screenshot_24-1.jpg","datePublished":"2026-04-18T13:56:20+00:00","dateModified":"2026-04-19T00:37:23+00:00","breadcrumb":{"@id":"https:\/\/metalroofcanada.ca\/en\/product\/geo-roll-240-mm-2\/#breadcrumb"},"inLanguage":"en-CA","potentialAction":[{"@type":"ReadAction","target":["https:\/\/metalroofcanada.ca\/en\/product\/geo-roll-240-mm-2\/"]}]},{"@type":"ImageObject","inLanguage":"en-CA","@id":"https:\/\/metalroofcanada.ca\/en\/product\/geo-roll-240-mm-2\/#primaryimage","url":"https:\/\/metalroofcanada.ca\/wp-content\/uploads\/2026\/04\/screenshot_24-1.jpg","contentUrl":"https:\/\/metalroofcanada.ca\/wp-content\/uploads\/2026\/04\/screenshot_24-1.jpg","width":605,"height":451},{"@type":"BreadcrumbList","@id":"https:\/\/metalroofcanada.ca\/en\/product\/geo-roll-240-mm-2\/#breadcrumb","itemListElement":[{"@type":"ListItem","position":1,"name":"Accueil","item":"https:\/\/metalroofcanada.ca\/en\/home\/"},{"@type":"ListItem","position":2,"name":"Produits","item":"https:\/\/metalroofcanada.ca\/shop\/"},{"@type":"ListItem","position":3,"name":"Geo Roll 240 mm"}]},{"@type":"WebSite","@id":"https:\/\/metalroofcanada.ca\/en\/#website","url":"https:\/\/metalroofcanada.ca\/en\/","name":"metalroofcanada.ca","description":"Toiture M\u00e9tallique Montr\u00e9al","potentialAction":[{"@type":"SearchAction","target":{"@type":"EntryPoint","urlTemplate":"https:\/\/metalroofcanada.ca\/en\/?s={search_term_string}"},"query-input":{"@type":"PropertyValueSpecification","valueRequired":true,"valueName":"search_term_string"}}],"inLanguage":"en-CA"}]}},"_links":{"self":[{"href":"https:\/\/metalroofcanada.ca\/en\/wp-json\/wp\/v2\/product\/3711","targetHints":{"allow":["GET"]}}],"collection":[{"href":"https:\/\/metalroofcanada.ca\/en\/wp-json\/wp\/v2\/product"}],"about":[{"href":"https:\/\/metalroofcanada.ca\/en\/wp-json\/wp\/v2\/types\/product"}],"replies":[{"embeddable":true,"href":"https:\/\/metalroofcanada.ca\/en\/wp-json\/wp\/v2\/comments?post=3711"}],"wp:featuredmedia":[{"embeddable":true,"href":"https:\/\/metalroofcanada.ca\/en\/wp-json\/wp\/v2\/media\/3710"}],"wp:attachment":[{"href":"https:\/\/metalroofcanada.ca\/en\/wp-json\/wp\/v2\/media?parent=3711"}],"wp:term":[{"taxonomy":"product_brand","embeddable":true,"href":"https:\/\/metalroofcanada.ca\/en\/wp-json\/wp\/v2\/product_brand?post=3711"},{"taxonomy":"product_cat","embeddable":true,"href":"https:\/\/metalroofcanada.ca\/en\/wp-json\/wp\/v2\/product_cat?post=3711"},{"taxonomy":"product_tag","embeddable":true,"href":"https:\/\/metalroofcanada.ca\/en\/wp-json\/wp\/v2\/product_tag?post=3711"}],"curies":[{"name":"wp","href":"https:\/\/api.w.org\/{rel}","templated":true}]}}