{"id":3714,"date":"2026-04-18T09:56:21","date_gmt":"2026-04-18T13:56:21","guid":{"rendered":"https:\/\/metalroofcanada.ca\/product\/vis-pancake-a-profil-bas-1-1-8-po\/"},"modified":"2026-04-18T10:28:06","modified_gmt":"2026-04-18T14:28:06","slug":"vis-pancake-a-profil-bas-1-1-8-po","status":"publish","type":"product","link":"https:\/\/metalroofcanada.ca\/en\/product\/vis-pancake-a-profil-bas-1-1-8-po\/","title":{"rendered":"Low Profile Pancake 1\"-1\/8\""},"content":{"rendered":"<p>Les vis pancake \u00e0 profil bas 1-1\/8 po sont con\u00e7ues pour les applications o\u00f9 une t\u00eate de vis \u00e0 faible hauteur est n\u00e9cessaire afin d\u2019\u00e9viter toute interf\u00e9rence avec les composants de toiture superpos\u00e9s. La t\u00eate pancake permet \u00e0 la fixation de rester affleurante, ce qui en fait une solution id\u00e9ale pour la fixation de membranes, de syst\u00e8mes de ventilation et d\u2019accessoires de toiture lorsque l\u2019espace libre est limit\u00e9.<\/p>\n<p>Offertes en emballage en vrac (5000 unit\u00e9s), ces vis sont optimis\u00e9es pour les installations professionnelles et les projets de grande envergure.<\/p>","protected":false},"excerpt":{"rendered":"<p>Les vis pancake \u00e0 profil bas 1-1\/8 po sont des fixations de pr\u00e9cision con\u00e7ues pour une installation solide et affleurante dans les applications de toiture et de construction. Fabriqu\u00e9es en acier r\u00e9sistant \u00e0 la corrosion, elles assurent une fixation durable et fiable.<\/p>","protected":false},"featured_media":3713,"comment_status":"open","ping_status":"closed","template":"","meta":{"_acf_changed":false},"product_brand":[],"product_cat":[128],"product_tag":[],"class_list":{"0":"post-3714","1":"product","2":"type-product","3":"status-publish","4":"has-post-thumbnail","6":"product_cat-accessoires","8":"first","9":"instock","10":"shipping-taxable","11":"product-type-simple"},"acf":[],"yoast_head":"<!-- This site is optimized with the Yoast SEO plugin v27.0 - https:\/\/yoast.com\/product\/yoast-seo-wordpress\/ -->\n<title>Vis pancake \u00e0 profil bas 1-1\/8 po - metalroofcanada.ca<\/title>\n<meta name=\"robots\" content=\"index, follow, max-snippet:-1, max-image-preview:large, max-video-preview:-1\" \/>\n<link rel=\"canonical\" href=\"https:\/\/metalroofcanada.ca\/en\/product\/vis-pancake-a-profil-bas-1-1-8-po\/\" \/>\n<meta property=\"og:locale\" content=\"en_US\" \/>\n<meta property=\"og:type\" content=\"article\" \/>\n<meta property=\"og:title\" content=\"Vis pancake \u00e0 profil bas 1-1\/8 po - metalroofcanada.ca\" \/>\n<meta property=\"og:description\" content=\"Les vis pancake \u00e0 profil bas 1-1\/8 po sont des fixations de pr\u00e9cision con\u00e7ues pour une installation solide et affleurante dans les applications de toiture et de construction. Fabriqu\u00e9es en acier r\u00e9sistant \u00e0 la corrosion, elles assurent une fixation durable et fiable.\" \/>\n<meta property=\"og:url\" content=\"https:\/\/metalroofcanada.ca\/en\/product\/vis-pancake-a-profil-bas-1-1-8-po\/\" \/>\n<meta property=\"og:site_name\" content=\"metalroofcanada.ca\" \/>\n<meta property=\"article:modified_time\" content=\"2026-04-18T14:28:06+00:00\" \/>\n<meta property=\"og:image\" content=\"https:\/\/metalroofcanada.ca\/wp-content\/uploads\/2026\/04\/screenshot_52.jpg\" \/>\n\t<meta property=\"og:image:width\" content=\"580\" \/>\n\t<meta property=\"og:image:height\" content=\"412\" \/>\n\t<meta property=\"og:image:type\" content=\"image\/jpeg\" \/>\n<meta name=\"twitter:card\" content=\"summary_large_image\" \/>\n<script type=\"application\/ld+json\" class=\"yoast-schema-graph\">{\"@context\":\"https:\/\/schema.org\",\"@graph\":[{\"@type\":\"WebPage\",\"@id\":\"https:\/\/metalroofcanada.ca\/en\/product\/vis-pancake-a-profil-bas-1-1-8-po\/\",\"url\":\"https:\/\/metalroofcanada.ca\/en\/product\/vis-pancake-a-profil-bas-1-1-8-po\/\",\"name\":\"Vis pancake \u00e0 profil bas 1-1\/8 po - metalroofcanada.ca\",\"isPartOf\":{\"@id\":\"https:\/\/metalroofcanada.ca\/en\/#website\"},\"primaryImageOfPage\":{\"@id\":\"https:\/\/metalroofcanada.ca\/en\/product\/vis-pancake-a-profil-bas-1-1-8-po\/#primaryimage\"},\"image\":{\"@id\":\"https:\/\/metalroofcanada.ca\/en\/product\/vis-pancake-a-profil-bas-1-1-8-po\/#primaryimage\"},\"thumbnailUrl\":\"https:\/\/metalroofcanada.ca\/wp-content\/uploads\/2026\/04\/screenshot_52.jpg\",\"datePublished\":\"2026-04-18T13:56:21+00:00\",\"dateModified\":\"2026-04-18T14:28:06+00:00\",\"breadcrumb\":{\"@id\":\"https:\/\/metalroofcanada.ca\/en\/product\/vis-pancake-a-profil-bas-1-1-8-po\/#breadcrumb\"},\"inLanguage\":\"en-CA\",\"potentialAction\":[{\"@type\":\"ReadAction\",\"target\":[\"https:\/\/metalroofcanada.ca\/en\/product\/vis-pancake-a-profil-bas-1-1-8-po\/\"]}]},{\"@type\":\"ImageObject\",\"inLanguage\":\"en-CA\",\"@id\":\"https:\/\/metalroofcanada.ca\/en\/product\/vis-pancake-a-profil-bas-1-1-8-po\/#primaryimage\",\"url\":\"https:\/\/metalroofcanada.ca\/wp-content\/uploads\/2026\/04\/screenshot_52.jpg\",\"contentUrl\":\"https:\/\/metalroofcanada.ca\/wp-content\/uploads\/2026\/04\/screenshot_52.jpg\",\"width\":580,\"height\":412},{\"@type\":\"BreadcrumbList\",\"@id\":\"https:\/\/metalroofcanada.ca\/en\/product\/vis-pancake-a-profil-bas-1-1-8-po\/#breadcrumb\",\"itemListElement\":[{\"@type\":\"ListItem\",\"position\":1,\"name\":\"Accueil\",\"item\":\"https:\/\/metalroofcanada.ca\/en\/home\/\"},{\"@type\":\"ListItem\",\"position\":2,\"name\":\"Produits\",\"item\":\"https:\/\/metalroofcanada.ca\/shop\/\"},{\"@type\":\"ListItem\",\"position\":3,\"name\":\"Vis pancake \u00e0 profil bas 1-1\/8 po\"}]},{\"@type\":\"WebSite\",\"@id\":\"https:\/\/metalroofcanada.ca\/en\/#website\",\"url\":\"https:\/\/metalroofcanada.ca\/en\/\",\"name\":\"metalroofcanada.ca\",\"description\":\"Toiture M\u00e9tallique Montr\u00e9al\",\"potentialAction\":[{\"@type\":\"SearchAction\",\"target\":{\"@type\":\"EntryPoint\",\"urlTemplate\":\"https:\/\/metalroofcanada.ca\/en\/?s={search_term_string}\"},\"query-input\":{\"@type\":\"PropertyValueSpecification\",\"valueRequired\":true,\"valueName\":\"search_term_string\"}}],\"inLanguage\":\"en-CA\"}]}<\/script>\n<!-- \/ Yoast SEO plugin. -->","yoast_head_json":{"title":"Vis pancake \u00e0 profil bas 1-1\/8 po - metalroofcanada.ca","robots":{"index":"index","follow":"follow","max-snippet":"max-snippet:-1","max-image-preview":"max-image-preview:large","max-video-preview":"max-video-preview:-1"},"canonical":"https:\/\/metalroofcanada.ca\/en\/product\/vis-pancake-a-profil-bas-1-1-8-po\/","og_locale":"en_US","og_type":"article","og_title":"Vis pancake \u00e0 profil bas 1-1\/8 po - metalroofcanada.ca","og_description":"Les vis pancake \u00e0 profil bas 1-1\/8 po sont des fixations de pr\u00e9cision con\u00e7ues pour une installation solide et affleurante dans les applications de toiture et de construction. Fabriqu\u00e9es en acier r\u00e9sistant \u00e0 la corrosion, elles assurent une fixation durable et fiable.","og_url":"https:\/\/metalroofcanada.ca\/en\/product\/vis-pancake-a-profil-bas-1-1-8-po\/","og_site_name":"metalroofcanada.ca","article_modified_time":"2026-04-18T14:28:06+00:00","og_image":[{"width":580,"height":412,"url":"https:\/\/metalroofcanada.ca\/wp-content\/uploads\/2026\/04\/screenshot_52.jpg","type":"image\/jpeg"}],"twitter_card":"summary_large_image","schema":{"@context":"https:\/\/schema.org","@graph":[{"@type":"WebPage","@id":"https:\/\/metalroofcanada.ca\/en\/product\/vis-pancake-a-profil-bas-1-1-8-po\/","url":"https:\/\/metalroofcanada.ca\/en\/product\/vis-pancake-a-profil-bas-1-1-8-po\/","name":"Vis pancake \u00e0 profil bas 1-1\/8 po - metalroofcanada.ca","isPartOf":{"@id":"https:\/\/metalroofcanada.ca\/en\/#website"},"primaryImageOfPage":{"@id":"https:\/\/metalroofcanada.ca\/en\/product\/vis-pancake-a-profil-bas-1-1-8-po\/#primaryimage"},"image":{"@id":"https:\/\/metalroofcanada.ca\/en\/product\/vis-pancake-a-profil-bas-1-1-8-po\/#primaryimage"},"thumbnailUrl":"https:\/\/metalroofcanada.ca\/wp-content\/uploads\/2026\/04\/screenshot_52.jpg","datePublished":"2026-04-18T13:56:21+00:00","dateModified":"2026-04-18T14:28:06+00:00","breadcrumb":{"@id":"https:\/\/metalroofcanada.ca\/en\/product\/vis-pancake-a-profil-bas-1-1-8-po\/#breadcrumb"},"inLanguage":"en-CA","potentialAction":[{"@type":"ReadAction","target":["https:\/\/metalroofcanada.ca\/en\/product\/vis-pancake-a-profil-bas-1-1-8-po\/"]}]},{"@type":"ImageObject","inLanguage":"en-CA","@id":"https:\/\/metalroofcanada.ca\/en\/product\/vis-pancake-a-profil-bas-1-1-8-po\/#primaryimage","url":"https:\/\/metalroofcanada.ca\/wp-content\/uploads\/2026\/04\/screenshot_52.jpg","contentUrl":"https:\/\/metalroofcanada.ca\/wp-content\/uploads\/2026\/04\/screenshot_52.jpg","width":580,"height":412},{"@type":"BreadcrumbList","@id":"https:\/\/metalroofcanada.ca\/en\/product\/vis-pancake-a-profil-bas-1-1-8-po\/#breadcrumb","itemListElement":[{"@type":"ListItem","position":1,"name":"Accueil","item":"https:\/\/metalroofcanada.ca\/en\/home\/"},{"@type":"ListItem","position":2,"name":"Produits","item":"https:\/\/metalroofcanada.ca\/shop\/"},{"@type":"ListItem","position":3,"name":"Vis pancake \u00e0 profil bas 1-1\/8 po"}]},{"@type":"WebSite","@id":"https:\/\/metalroofcanada.ca\/en\/#website","url":"https:\/\/metalroofcanada.ca\/en\/","name":"metalroofcanada.ca","description":"Toiture M\u00e9tallique Montr\u00e9al","potentialAction":[{"@type":"SearchAction","target":{"@type":"EntryPoint","urlTemplate":"https:\/\/metalroofcanada.ca\/en\/?s={search_term_string}"},"query-input":{"@type":"PropertyValueSpecification","valueRequired":true,"valueName":"search_term_string"}}],"inLanguage":"en-CA"}]}},"_links":{"self":[{"href":"https:\/\/metalroofcanada.ca\/en\/wp-json\/wp\/v2\/product\/3714","targetHints":{"allow":["GET"]}}],"collection":[{"href":"https:\/\/metalroofcanada.ca\/en\/wp-json\/wp\/v2\/product"}],"about":[{"href":"https:\/\/metalroofcanada.ca\/en\/wp-json\/wp\/v2\/types\/product"}],"replies":[{"embeddable":true,"href":"https:\/\/metalroofcanada.ca\/en\/wp-json\/wp\/v2\/comments?post=3714"}],"wp:featuredmedia":[{"embeddable":true,"href":"https:\/\/metalroofcanada.ca\/en\/wp-json\/wp\/v2\/media\/3713"}],"wp:attachment":[{"href":"https:\/\/metalroofcanada.ca\/en\/wp-json\/wp\/v2\/media?parent=3714"}],"wp:term":[{"taxonomy":"product_brand","embeddable":true,"href":"https:\/\/metalroofcanada.ca\/en\/wp-json\/wp\/v2\/product_brand?post=3714"},{"taxonomy":"product_cat","embeddable":true,"href":"https:\/\/metalroofcanada.ca\/en\/wp-json\/wp\/v2\/product_cat?post=3714"},{"taxonomy":"product_tag","embeddable":true,"href":"https:\/\/metalroofcanada.ca\/en\/wp-json\/wp\/v2\/product_tag?post=3714"}],"curies":[{"name":"wp","href":"https:\/\/api.w.org\/{rel}","templated":true}]}}