{"id":3720,"date":"2026-04-18T09:56:22","date_gmt":"2026-04-18T13:56:22","guid":{"rendered":"https:\/\/metalroofcanada.ca\/product\/clous-en-bande-papier-3-1-4-po-34\/"},"modified":"2026-04-18T20:46:48","modified_gmt":"2026-04-19T00:46:48","slug":"clous-en-bande-papier-3-1-4-po-34","status":"publish","type":"product","link":"https:\/\/metalroofcanada.ca\/en\/product\/clous-en-bande-papier-3-1-4-po-34\/","title":{"rendered":"Paper Strip Nails 3-1\/4\"3 4\u00b0"},"content":{"rendered":"<p>Les clous en bande papier 3-1\/4 po (34\u00b0) sont des clous d\u2019ossature assembl\u00e9s con\u00e7us pour \u00eatre utilis\u00e9s avec des cloueuses pneumatiques de charpente. L\u2019assemblage en bande papier permet un fonctionnement plus propre avec peu de d\u00e9bris, ce qui les rend adapt\u00e9s aux applications de construction int\u00e9rieures comme ext\u00e9rieures.<\/p>\n<p>Ces clous offrent une forte capacit\u00e9 de retenue et une performance d\u2019enfoncement constante, id\u00e9ales pour la charpente structurale, le contreplaqu\u00e9, les platelages et les travaux de construction g\u00e9n\u00e9rale.<\/p>","protected":false},"excerpt":{"rendered":"<p>Les clous en bande papier 3-1\/4 po (34\u00b0) sont des fixations haute r\u00e9sistance con\u00e7ues pour l\u2019ossature et la construction structurale. Compatibles avec les cloueuses \u00e0 34 degr\u00e9s, ils offrent une excellente tenue, une pose pr\u00e9cise et une performance durable.<\/p>","protected":false},"featured_media":3719,"comment_status":"open","ping_status":"closed","template":"","meta":{"_acf_changed":false},"product_brand":[],"product_cat":[128],"product_tag":[],"class_list":{"0":"post-3720","1":"product","2":"type-product","3":"status-publish","4":"has-post-thumbnail","6":"product_cat-accessoires","8":"first","9":"instock","10":"shipping-taxable","11":"product-type-simple"},"acf":[],"yoast_head":"<!-- This site is optimized with the Yoast SEO plugin v27.0 - https:\/\/yoast.com\/product\/yoast-seo-wordpress\/ -->\n<title>Clous en bande papier 3-1\/4 po 34\u00b0 - metalroofcanada.ca<\/title>\n<meta name=\"robots\" content=\"index, follow, max-snippet:-1, max-image-preview:large, max-video-preview:-1\" \/>\n<link rel=\"canonical\" href=\"https:\/\/metalroofcanada.ca\/en\/product\/clous-en-bande-papier-3-1-4-po-34\/\" \/>\n<meta property=\"og:locale\" content=\"en_US\" \/>\n<meta property=\"og:type\" content=\"article\" \/>\n<meta property=\"og:title\" content=\"Clous en bande papier 3-1\/4 po 34\u00b0 - metalroofcanada.ca\" \/>\n<meta property=\"og:description\" content=\"Les clous en bande papier 3-1\/4 po (34\u00b0) sont des fixations haute r\u00e9sistance con\u00e7ues pour l\u2019ossature et la construction structurale. Compatibles avec les cloueuses \u00e0 34 degr\u00e9s, ils offrent une excellente tenue, une pose pr\u00e9cise et une performance durable.\" \/>\n<meta property=\"og:url\" content=\"https:\/\/metalroofcanada.ca\/en\/product\/clous-en-bande-papier-3-1-4-po-34\/\" \/>\n<meta property=\"og:site_name\" content=\"metalroofcanada.ca\" \/>\n<meta property=\"article:modified_time\" content=\"2026-04-19T00:46:48+00:00\" \/>\n<meta property=\"og:image\" content=\"https:\/\/metalroofcanada.ca\/wp-content\/uploads\/2026\/04\/screenshot_54.jpg\" \/>\n\t<meta property=\"og:image:width\" content=\"738\" \/>\n\t<meta property=\"og:image:height\" content=\"519\" \/>\n\t<meta property=\"og:image:type\" content=\"image\/jpeg\" \/>\n<meta name=\"twitter:card\" content=\"summary_large_image\" \/>\n<script type=\"application\/ld+json\" class=\"yoast-schema-graph\">{\"@context\":\"https:\/\/schema.org\",\"@graph\":[{\"@type\":\"WebPage\",\"@id\":\"https:\/\/metalroofcanada.ca\/en\/product\/clous-en-bande-papier-3-1-4-po-34\/\",\"url\":\"https:\/\/metalroofcanada.ca\/en\/product\/clous-en-bande-papier-3-1-4-po-34\/\",\"name\":\"Clous en bande papier 3-1\/4 po 34\u00b0 - metalroofcanada.ca\",\"isPartOf\":{\"@id\":\"https:\/\/metalroofcanada.ca\/en\/#website\"},\"primaryImageOfPage\":{\"@id\":\"https:\/\/metalroofcanada.ca\/en\/product\/clous-en-bande-papier-3-1-4-po-34\/#primaryimage\"},\"image\":{\"@id\":\"https:\/\/metalroofcanada.ca\/en\/product\/clous-en-bande-papier-3-1-4-po-34\/#primaryimage\"},\"thumbnailUrl\":\"https:\/\/metalroofcanada.ca\/wp-content\/uploads\/2026\/04\/screenshot_54.jpg\",\"datePublished\":\"2026-04-18T13:56:22+00:00\",\"dateModified\":\"2026-04-19T00:46:48+00:00\",\"breadcrumb\":{\"@id\":\"https:\/\/metalroofcanada.ca\/en\/product\/clous-en-bande-papier-3-1-4-po-34\/#breadcrumb\"},\"inLanguage\":\"en-CA\",\"potentialAction\":[{\"@type\":\"ReadAction\",\"target\":[\"https:\/\/metalroofcanada.ca\/en\/product\/clous-en-bande-papier-3-1-4-po-34\/\"]}]},{\"@type\":\"ImageObject\",\"inLanguage\":\"en-CA\",\"@id\":\"https:\/\/metalroofcanada.ca\/en\/product\/clous-en-bande-papier-3-1-4-po-34\/#primaryimage\",\"url\":\"https:\/\/metalroofcanada.ca\/wp-content\/uploads\/2026\/04\/screenshot_54.jpg\",\"contentUrl\":\"https:\/\/metalroofcanada.ca\/wp-content\/uploads\/2026\/04\/screenshot_54.jpg\",\"width\":738,\"height\":519},{\"@type\":\"BreadcrumbList\",\"@id\":\"https:\/\/metalroofcanada.ca\/en\/product\/clous-en-bande-papier-3-1-4-po-34\/#breadcrumb\",\"itemListElement\":[{\"@type\":\"ListItem\",\"position\":1,\"name\":\"Accueil\",\"item\":\"https:\/\/metalroofcanada.ca\/en\/home\/\"},{\"@type\":\"ListItem\",\"position\":2,\"name\":\"Produits\",\"item\":\"https:\/\/metalroofcanada.ca\/shop\/\"},{\"@type\":\"ListItem\",\"position\":3,\"name\":\"Clous en bande papier 3-1\/4 po 34\u00b0\"}]},{\"@type\":\"WebSite\",\"@id\":\"https:\/\/metalroofcanada.ca\/en\/#website\",\"url\":\"https:\/\/metalroofcanada.ca\/en\/\",\"name\":\"metalroofcanada.ca\",\"description\":\"Toiture M\u00e9tallique Montr\u00e9al\",\"potentialAction\":[{\"@type\":\"SearchAction\",\"target\":{\"@type\":\"EntryPoint\",\"urlTemplate\":\"https:\/\/metalroofcanada.ca\/en\/?s={search_term_string}\"},\"query-input\":{\"@type\":\"PropertyValueSpecification\",\"valueRequired\":true,\"valueName\":\"search_term_string\"}}],\"inLanguage\":\"en-CA\"}]}<\/script>\n<!-- \/ Yoast SEO plugin. -->","yoast_head_json":{"title":"Clous en bande papier 3-1\/4 po 34\u00b0 - metalroofcanada.ca","robots":{"index":"index","follow":"follow","max-snippet":"max-snippet:-1","max-image-preview":"max-image-preview:large","max-video-preview":"max-video-preview:-1"},"canonical":"https:\/\/metalroofcanada.ca\/en\/product\/clous-en-bande-papier-3-1-4-po-34\/","og_locale":"en_US","og_type":"article","og_title":"Clous en bande papier 3-1\/4 po 34\u00b0 - metalroofcanada.ca","og_description":"Les clous en bande papier 3-1\/4 po (34\u00b0) sont des fixations haute r\u00e9sistance con\u00e7ues pour l\u2019ossature et la construction structurale. Compatibles avec les cloueuses \u00e0 34 degr\u00e9s, ils offrent une excellente tenue, une pose pr\u00e9cise et une performance durable.","og_url":"https:\/\/metalroofcanada.ca\/en\/product\/clous-en-bande-papier-3-1-4-po-34\/","og_site_name":"metalroofcanada.ca","article_modified_time":"2026-04-19T00:46:48+00:00","og_image":[{"width":738,"height":519,"url":"https:\/\/metalroofcanada.ca\/wp-content\/uploads\/2026\/04\/screenshot_54.jpg","type":"image\/jpeg"}],"twitter_card":"summary_large_image","schema":{"@context":"https:\/\/schema.org","@graph":[{"@type":"WebPage","@id":"https:\/\/metalroofcanada.ca\/en\/product\/clous-en-bande-papier-3-1-4-po-34\/","url":"https:\/\/metalroofcanada.ca\/en\/product\/clous-en-bande-papier-3-1-4-po-34\/","name":"Clous en bande papier 3-1\/4 po 34\u00b0 - metalroofcanada.ca","isPartOf":{"@id":"https:\/\/metalroofcanada.ca\/en\/#website"},"primaryImageOfPage":{"@id":"https:\/\/metalroofcanada.ca\/en\/product\/clous-en-bande-papier-3-1-4-po-34\/#primaryimage"},"image":{"@id":"https:\/\/metalroofcanada.ca\/en\/product\/clous-en-bande-papier-3-1-4-po-34\/#primaryimage"},"thumbnailUrl":"https:\/\/metalroofcanada.ca\/wp-content\/uploads\/2026\/04\/screenshot_54.jpg","datePublished":"2026-04-18T13:56:22+00:00","dateModified":"2026-04-19T00:46:48+00:00","breadcrumb":{"@id":"https:\/\/metalroofcanada.ca\/en\/product\/clous-en-bande-papier-3-1-4-po-34\/#breadcrumb"},"inLanguage":"en-CA","potentialAction":[{"@type":"ReadAction","target":["https:\/\/metalroofcanada.ca\/en\/product\/clous-en-bande-papier-3-1-4-po-34\/"]}]},{"@type":"ImageObject","inLanguage":"en-CA","@id":"https:\/\/metalroofcanada.ca\/en\/product\/clous-en-bande-papier-3-1-4-po-34\/#primaryimage","url":"https:\/\/metalroofcanada.ca\/wp-content\/uploads\/2026\/04\/screenshot_54.jpg","contentUrl":"https:\/\/metalroofcanada.ca\/wp-content\/uploads\/2026\/04\/screenshot_54.jpg","width":738,"height":519},{"@type":"BreadcrumbList","@id":"https:\/\/metalroofcanada.ca\/en\/product\/clous-en-bande-papier-3-1-4-po-34\/#breadcrumb","itemListElement":[{"@type":"ListItem","position":1,"name":"Accueil","item":"https:\/\/metalroofcanada.ca\/en\/home\/"},{"@type":"ListItem","position":2,"name":"Produits","item":"https:\/\/metalroofcanada.ca\/shop\/"},{"@type":"ListItem","position":3,"name":"Clous en bande papier 3-1\/4 po 34\u00b0"}]},{"@type":"WebSite","@id":"https:\/\/metalroofcanada.ca\/en\/#website","url":"https:\/\/metalroofcanada.ca\/en\/","name":"metalroofcanada.ca","description":"Toiture M\u00e9tallique Montr\u00e9al","potentialAction":[{"@type":"SearchAction","target":{"@type":"EntryPoint","urlTemplate":"https:\/\/metalroofcanada.ca\/en\/?s={search_term_string}"},"query-input":{"@type":"PropertyValueSpecification","valueRequired":true,"valueName":"search_term_string"}}],"inLanguage":"en-CA"}]}},"_links":{"self":[{"href":"https:\/\/metalroofcanada.ca\/en\/wp-json\/wp\/v2\/product\/3720","targetHints":{"allow":["GET"]}}],"collection":[{"href":"https:\/\/metalroofcanada.ca\/en\/wp-json\/wp\/v2\/product"}],"about":[{"href":"https:\/\/metalroofcanada.ca\/en\/wp-json\/wp\/v2\/types\/product"}],"replies":[{"embeddable":true,"href":"https:\/\/metalroofcanada.ca\/en\/wp-json\/wp\/v2\/comments?post=3720"}],"wp:featuredmedia":[{"embeddable":true,"href":"https:\/\/metalroofcanada.ca\/en\/wp-json\/wp\/v2\/media\/3719"}],"wp:attachment":[{"href":"https:\/\/metalroofcanada.ca\/en\/wp-json\/wp\/v2\/media?parent=3720"}],"wp:term":[{"taxonomy":"product_brand","embeddable":true,"href":"https:\/\/metalroofcanada.ca\/en\/wp-json\/wp\/v2\/product_brand?post=3720"},{"taxonomy":"product_cat","embeddable":true,"href":"https:\/\/metalroofcanada.ca\/en\/wp-json\/wp\/v2\/product_cat?post=3720"},{"taxonomy":"product_tag","embeddable":true,"href":"https:\/\/metalroofcanada.ca\/en\/wp-json\/wp\/v2\/product_tag?post=3720"}],"curies":[{"name":"wp","href":"https:\/\/api.w.org\/{rel}","templated":true}]}}