{"id":3723,"date":"2026-04-18T09:56:22","date_gmt":"2026-04-18T13:56:22","guid":{"rendered":"https:\/\/metalroofcanada.ca\/product\/roofnado-laplock-psu-ht\/"},"modified":"2026-04-18T20:56:02","modified_gmt":"2026-04-19T00:56:02","slug":"roofnado-laplock-psu-ht","status":"publish","type":"product","link":"https:\/\/metalroofcanada.ca\/en\/product\/roofnado-laplock-psu-ht\/","title":{"rendered":"Roofnado\u2122 LapLock\u2122 PSU HT"},"content":{"rendered":"<p>Roofnado\u2122 LapLock\u2122 PSU HT est une sous-couche de toiture auto-adh\u00e9sive con\u00e7ue pour offrir une protection fiable sur les toitures en pente. Elle cr\u00e9e une barri\u00e8re imperm\u00e9able continue qui aide \u00e0 emp\u00eacher la pluie pouss\u00e9e par le vent, la neige et l\u2019humidit\u00e9 de p\u00e9n\u00e9trer dans la structure du toit.<\/p>\n<p>Le mat\u00e9riau am\u00e9liore l\u2019adh\u00e9rence au support de toiture et autour des fixations, ce qui augmente la performance d\u2019installation et la durabilit\u00e9 globale du syst\u00e8me. De plus, sa surface antid\u00e9rapante am\u00e9liore la s\u00e9curit\u00e9 durant les travaux.<\/p>\n<p>Ce produit convient aux syst\u00e8mes de toiture r\u00e9sidentiels et commerciaux l\u00e9gers o\u00f9 une excellente r\u00e9sistance \u00e0 la chaleur et aux intemp\u00e9ries est requise.<\/p>","protected":false},"excerpt":{"rendered":"<p>Roofnado\u2122 LapLock\u2122 PSU HT est un ruban d\u2019\u00e9tanch\u00e9it\u00e9 haute performance con\u00e7u pour assurer un collage fiable des recouvrements dans les syst\u00e8mes de toiture. R\u00e9sistant \u00e0 la chaleur et durable, il offre une forte adh\u00e9rence, une excellente \u00e9tanch\u00e9it\u00e9 et une protection durable contre les intemp\u00e9ries.<\/p>","protected":false},"featured_media":3803,"comment_status":"open","ping_status":"closed","template":"","meta":{"_acf_changed":false},"product_brand":[],"product_cat":[128],"product_tag":[],"class_list":{"0":"post-3723","1":"product","2":"type-product","3":"status-publish","4":"has-post-thumbnail","6":"product_cat-accessoires","8":"first","9":"instock","10":"shipping-taxable","11":"product-type-simple"},"acf":[],"yoast_head":"<!-- This site is optimized with the Yoast SEO plugin v27.0 - https:\/\/yoast.com\/product\/yoast-seo-wordpress\/ -->\n<title>Roofnado\u2122 LapLock\u2122 PSU HT - metalroofcanada.ca<\/title>\n<meta name=\"robots\" content=\"index, follow, max-snippet:-1, max-image-preview:large, max-video-preview:-1\" \/>\n<link rel=\"canonical\" href=\"https:\/\/metalroofcanada.ca\/en\/product\/roofnado-laplock-psu-ht\/\" \/>\n<meta property=\"og:locale\" content=\"en_US\" \/>\n<meta property=\"og:type\" content=\"article\" \/>\n<meta property=\"og:title\" content=\"Roofnado\u2122 LapLock\u2122 PSU HT - metalroofcanada.ca\" \/>\n<meta property=\"og:description\" content=\"Roofnado\u2122 LapLock\u2122 PSU HT est un ruban d\u2019\u00e9tanch\u00e9it\u00e9 haute performance con\u00e7u pour assurer un collage fiable des recouvrements dans les syst\u00e8mes de toiture. R\u00e9sistant \u00e0 la chaleur et durable, il offre une forte adh\u00e9rence, une excellente \u00e9tanch\u00e9it\u00e9 et une protection durable contre les intemp\u00e9ries.\" \/>\n<meta property=\"og:url\" content=\"https:\/\/metalroofcanada.ca\/en\/product\/roofnado-laplock-psu-ht\/\" \/>\n<meta property=\"og:site_name\" content=\"metalroofcanada.ca\" \/>\n<meta property=\"article:modified_time\" content=\"2026-04-19T00:56:02+00:00\" \/>\n<meta property=\"og:image\" content=\"https:\/\/metalroofcanada.ca\/wp-content\/uploads\/2026\/04\/18.jpeg.webp\" \/>\n\t<meta property=\"og:image:width\" content=\"1536\" \/>\n\t<meta property=\"og:image:height\" content=\"1024\" \/>\n\t<meta property=\"og:image:type\" content=\"image\/webp\" \/>\n<meta name=\"twitter:card\" content=\"summary_large_image\" \/>\n<meta name=\"twitter:label1\" content=\"Est. reading time\" \/>\n\t<meta name=\"twitter:data1\" content=\"1 minute\" \/>\n<script type=\"application\/ld+json\" class=\"yoast-schema-graph\">{\"@context\":\"https:\/\/schema.org\",\"@graph\":[{\"@type\":\"WebPage\",\"@id\":\"https:\/\/metalroofcanada.ca\/en\/product\/roofnado-laplock-psu-ht\/\",\"url\":\"https:\/\/metalroofcanada.ca\/en\/product\/roofnado-laplock-psu-ht\/\",\"name\":\"Roofnado\u2122 LapLock\u2122 PSU HT - metalroofcanada.ca\",\"isPartOf\":{\"@id\":\"https:\/\/metalroofcanada.ca\/en\/#website\"},\"primaryImageOfPage\":{\"@id\":\"https:\/\/metalroofcanada.ca\/en\/product\/roofnado-laplock-psu-ht\/#primaryimage\"},\"image\":{\"@id\":\"https:\/\/metalroofcanada.ca\/en\/product\/roofnado-laplock-psu-ht\/#primaryimage\"},\"thumbnailUrl\":\"https:\/\/metalroofcanada.ca\/wp-content\/uploads\/2026\/04\/18.jpeg.webp\",\"datePublished\":\"2026-04-18T13:56:22+00:00\",\"dateModified\":\"2026-04-19T00:56:02+00:00\",\"breadcrumb\":{\"@id\":\"https:\/\/metalroofcanada.ca\/en\/product\/roofnado-laplock-psu-ht\/#breadcrumb\"},\"inLanguage\":\"en-CA\",\"potentialAction\":[{\"@type\":\"ReadAction\",\"target\":[\"https:\/\/metalroofcanada.ca\/en\/product\/roofnado-laplock-psu-ht\/\"]}]},{\"@type\":\"ImageObject\",\"inLanguage\":\"en-CA\",\"@id\":\"https:\/\/metalroofcanada.ca\/en\/product\/roofnado-laplock-psu-ht\/#primaryimage\",\"url\":\"https:\/\/metalroofcanada.ca\/wp-content\/uploads\/2026\/04\/18.jpeg.webp\",\"contentUrl\":\"https:\/\/metalroofcanada.ca\/wp-content\/uploads\/2026\/04\/18.jpeg.webp\",\"width\":1536,\"height\":1024},{\"@type\":\"BreadcrumbList\",\"@id\":\"https:\/\/metalroofcanada.ca\/en\/product\/roofnado-laplock-psu-ht\/#breadcrumb\",\"itemListElement\":[{\"@type\":\"ListItem\",\"position\":1,\"name\":\"Accueil\",\"item\":\"https:\/\/metalroofcanada.ca\/en\/home\/\"},{\"@type\":\"ListItem\",\"position\":2,\"name\":\"Produits\",\"item\":\"https:\/\/metalroofcanada.ca\/shop\/\"},{\"@type\":\"ListItem\",\"position\":3,\"name\":\"Roofnado\u2122 LapLock\u2122 PSU HT\"}]},{\"@type\":\"WebSite\",\"@id\":\"https:\/\/metalroofcanada.ca\/en\/#website\",\"url\":\"https:\/\/metalroofcanada.ca\/en\/\",\"name\":\"metalroofcanada.ca\",\"description\":\"Toiture M\u00e9tallique Montr\u00e9al\",\"potentialAction\":[{\"@type\":\"SearchAction\",\"target\":{\"@type\":\"EntryPoint\",\"urlTemplate\":\"https:\/\/metalroofcanada.ca\/en\/?s={search_term_string}\"},\"query-input\":{\"@type\":\"PropertyValueSpecification\",\"valueRequired\":true,\"valueName\":\"search_term_string\"}}],\"inLanguage\":\"en-CA\"}]}<\/script>\n<!-- \/ Yoast SEO plugin. -->","yoast_head_json":{"title":"Roofnado\u2122 LapLock\u2122 PSU HT - metalroofcanada.ca","robots":{"index":"index","follow":"follow","max-snippet":"max-snippet:-1","max-image-preview":"max-image-preview:large","max-video-preview":"max-video-preview:-1"},"canonical":"https:\/\/metalroofcanada.ca\/en\/product\/roofnado-laplock-psu-ht\/","og_locale":"en_US","og_type":"article","og_title":"Roofnado\u2122 LapLock\u2122 PSU HT - metalroofcanada.ca","og_description":"Roofnado\u2122 LapLock\u2122 PSU HT est un ruban d\u2019\u00e9tanch\u00e9it\u00e9 haute performance con\u00e7u pour assurer un collage fiable des recouvrements dans les syst\u00e8mes de toiture. R\u00e9sistant \u00e0 la chaleur et durable, il offre une forte adh\u00e9rence, une excellente \u00e9tanch\u00e9it\u00e9 et une protection durable contre les intemp\u00e9ries.","og_url":"https:\/\/metalroofcanada.ca\/en\/product\/roofnado-laplock-psu-ht\/","og_site_name":"metalroofcanada.ca","article_modified_time":"2026-04-19T00:56:02+00:00","og_image":[{"width":1536,"height":1024,"url":"https:\/\/metalroofcanada.ca\/wp-content\/uploads\/2026\/04\/18.jpeg.webp","type":"image\/webp"}],"twitter_card":"summary_large_image","twitter_misc":{"Est. reading time":"1 minute"},"schema":{"@context":"https:\/\/schema.org","@graph":[{"@type":"WebPage","@id":"https:\/\/metalroofcanada.ca\/en\/product\/roofnado-laplock-psu-ht\/","url":"https:\/\/metalroofcanada.ca\/en\/product\/roofnado-laplock-psu-ht\/","name":"Roofnado\u2122 LapLock\u2122 PSU HT - metalroofcanada.ca","isPartOf":{"@id":"https:\/\/metalroofcanada.ca\/en\/#website"},"primaryImageOfPage":{"@id":"https:\/\/metalroofcanada.ca\/en\/product\/roofnado-laplock-psu-ht\/#primaryimage"},"image":{"@id":"https:\/\/metalroofcanada.ca\/en\/product\/roofnado-laplock-psu-ht\/#primaryimage"},"thumbnailUrl":"https:\/\/metalroofcanada.ca\/wp-content\/uploads\/2026\/04\/18.jpeg.webp","datePublished":"2026-04-18T13:56:22+00:00","dateModified":"2026-04-19T00:56:02+00:00","breadcrumb":{"@id":"https:\/\/metalroofcanada.ca\/en\/product\/roofnado-laplock-psu-ht\/#breadcrumb"},"inLanguage":"en-CA","potentialAction":[{"@type":"ReadAction","target":["https:\/\/metalroofcanada.ca\/en\/product\/roofnado-laplock-psu-ht\/"]}]},{"@type":"ImageObject","inLanguage":"en-CA","@id":"https:\/\/metalroofcanada.ca\/en\/product\/roofnado-laplock-psu-ht\/#primaryimage","url":"https:\/\/metalroofcanada.ca\/wp-content\/uploads\/2026\/04\/18.jpeg.webp","contentUrl":"https:\/\/metalroofcanada.ca\/wp-content\/uploads\/2026\/04\/18.jpeg.webp","width":1536,"height":1024},{"@type":"BreadcrumbList","@id":"https:\/\/metalroofcanada.ca\/en\/product\/roofnado-laplock-psu-ht\/#breadcrumb","itemListElement":[{"@type":"ListItem","position":1,"name":"Accueil","item":"https:\/\/metalroofcanada.ca\/en\/home\/"},{"@type":"ListItem","position":2,"name":"Produits","item":"https:\/\/metalroofcanada.ca\/shop\/"},{"@type":"ListItem","position":3,"name":"Roofnado\u2122 LapLock\u2122 PSU HT"}]},{"@type":"WebSite","@id":"https:\/\/metalroofcanada.ca\/en\/#website","url":"https:\/\/metalroofcanada.ca\/en\/","name":"metalroofcanada.ca","description":"Toiture M\u00e9tallique Montr\u00e9al","potentialAction":[{"@type":"SearchAction","target":{"@type":"EntryPoint","urlTemplate":"https:\/\/metalroofcanada.ca\/en\/?s={search_term_string}"},"query-input":{"@type":"PropertyValueSpecification","valueRequired":true,"valueName":"search_term_string"}}],"inLanguage":"en-CA"}]}},"_links":{"self":[{"href":"https:\/\/metalroofcanada.ca\/en\/wp-json\/wp\/v2\/product\/3723","targetHints":{"allow":["GET"]}}],"collection":[{"href":"https:\/\/metalroofcanada.ca\/en\/wp-json\/wp\/v2\/product"}],"about":[{"href":"https:\/\/metalroofcanada.ca\/en\/wp-json\/wp\/v2\/types\/product"}],"replies":[{"embeddable":true,"href":"https:\/\/metalroofcanada.ca\/en\/wp-json\/wp\/v2\/comments?post=3723"}],"wp:featuredmedia":[{"embeddable":true,"href":"https:\/\/metalroofcanada.ca\/en\/wp-json\/wp\/v2\/media\/3803"}],"wp:attachment":[{"href":"https:\/\/metalroofcanada.ca\/en\/wp-json\/wp\/v2\/media?parent=3723"}],"wp:term":[{"taxonomy":"product_brand","embeddable":true,"href":"https:\/\/metalroofcanada.ca\/en\/wp-json\/wp\/v2\/product_brand?post=3723"},{"taxonomy":"product_cat","embeddable":true,"href":"https:\/\/metalroofcanada.ca\/en\/wp-json\/wp\/v2\/product_cat?post=3723"},{"taxonomy":"product_tag","embeddable":true,"href":"https:\/\/metalroofcanada.ca\/en\/wp-json\/wp\/v2\/product_tag?post=3723"}],"curies":[{"name":"wp","href":"https:\/\/api.w.org\/{rel}","templated":true}]}}