{"id":3727,"date":"2026-04-18T09:56:23","date_gmt":"2026-04-18T13:56:23","guid":{"rendered":"https:\/\/metalroofcanada.ca\/product\/membrane-de-toiture\/"},"modified":"2026-04-18T21:10:17","modified_gmt":"2026-04-19T01:10:17","slug":"membrane-de-toiture","status":"publish","type":"product","link":"https:\/\/metalroofcanada.ca\/en\/product\/membrane-de-toiture\/","title":{"rendered":"Roofing Membrane"},"content":{"rendered":"<p>La membrane de toiture prot\u00e8ge la structure contre la pluie pouss\u00e9e par le vent, la neige et la poussi\u00e8re tout en permettant \u00e0 l\u2019humidit\u00e9 emprisonn\u00e9e de s\u2019\u00e9chapper. Elle r\u00e9duit ainsi le risque de condensation, de moisissure et de dommages structuraux.<\/p>\n<p>De plus, le mat\u00e9riau am\u00e9liore la performance globale du toit et soutient sa durabilit\u00e9 \u00e0 long terme, m\u00eame dans des conditions climatiques exigeantes comme le climat canadien.<\/p>\n<p>La membrane pr\u00e9sente une construction multicouche combinant une couche ext\u00e9rieure avanc\u00e9e en polypropyl\u00e8ne non tiss\u00e9, une couche fonctionnelle de diffusion et un support int\u00e9rieur durable. Cette structure permet une perm\u00e9abilit\u00e9 contr\u00f4l\u00e9e \u00e0 la vapeur tout en conservant une forte r\u00e9sistance \u00e0 la p\u00e9n\u00e9tration de l\u2019eau.<\/p>","protected":false},"excerpt":{"rendered":"<p>Roofing membrane is a high-performance underlayment that provides additional waterproofing and moisture control beneath roofing materials.<\/p>","protected":false},"featured_media":3726,"comment_status":"open","ping_status":"closed","template":"","meta":{"_acf_changed":false},"product_brand":[],"product_cat":[128],"product_tag":[],"class_list":{"0":"post-3727","1":"product","2":"type-product","3":"status-publish","4":"has-post-thumbnail","6":"product_cat-accessoires","8":"first","9":"instock","10":"shipping-taxable","11":"product-type-simple"},"acf":[],"yoast_head":"<!-- This site is optimized with the Yoast SEO plugin v27.0 - https:\/\/yoast.com\/product\/yoast-seo-wordpress\/ -->\n<title>Membrane de toiture - metalroofcanada.ca<\/title>\n<meta name=\"robots\" content=\"index, follow, max-snippet:-1, max-image-preview:large, max-video-preview:-1\" \/>\n<link rel=\"canonical\" href=\"https:\/\/metalroofcanada.ca\/en\/product\/membrane-de-toiture\/\" \/>\n<meta property=\"og:locale\" content=\"en_US\" \/>\n<meta property=\"og:type\" content=\"article\" \/>\n<meta property=\"og:title\" content=\"Membrane de toiture - metalroofcanada.ca\" \/>\n<meta property=\"og:description\" content=\"La membrane de toiture est une sous-couche haute performance qui offre une protection suppl\u00e9mentaire contre l\u2019eau et un meilleur contr\u00f4le de l\u2019humidit\u00e9 sous les mat\u00e9riaux de couverture.\" \/>\n<meta property=\"og:url\" content=\"https:\/\/metalroofcanada.ca\/en\/product\/membrane-de-toiture\/\" \/>\n<meta property=\"og:site_name\" content=\"metalroofcanada.ca\" \/>\n<meta property=\"article:modified_time\" content=\"2026-04-19T01:10:17+00:00\" \/>\n<meta property=\"og:image\" content=\"https:\/\/metalroofcanada.ca\/wp-content\/uploads\/2026\/04\/screenshot_35-1.jpg\" \/>\n\t<meta property=\"og:image:width\" content=\"569\" \/>\n\t<meta property=\"og:image:height\" content=\"377\" \/>\n\t<meta property=\"og:image:type\" content=\"image\/jpeg\" \/>\n<meta name=\"twitter:card\" content=\"summary_large_image\" \/>\n<meta name=\"twitter:label1\" content=\"Est. reading time\" \/>\n\t<meta name=\"twitter:data1\" content=\"1 minute\" \/>\n<script type=\"application\/ld+json\" class=\"yoast-schema-graph\">{\"@context\":\"https:\/\/schema.org\",\"@graph\":[{\"@type\":\"WebPage\",\"@id\":\"https:\/\/metalroofcanada.ca\/en\/product\/membrane-de-toiture\/\",\"url\":\"https:\/\/metalroofcanada.ca\/en\/product\/membrane-de-toiture\/\",\"name\":\"Membrane de toiture - metalroofcanada.ca\",\"isPartOf\":{\"@id\":\"https:\/\/metalroofcanada.ca\/en\/#website\"},\"primaryImageOfPage\":{\"@id\":\"https:\/\/metalroofcanada.ca\/en\/product\/membrane-de-toiture\/#primaryimage\"},\"image\":{\"@id\":\"https:\/\/metalroofcanada.ca\/en\/product\/membrane-de-toiture\/#primaryimage\"},\"thumbnailUrl\":\"https:\/\/metalroofcanada.ca\/wp-content\/uploads\/2026\/04\/screenshot_35-1.jpg\",\"datePublished\":\"2026-04-18T13:56:23+00:00\",\"dateModified\":\"2026-04-19T01:10:17+00:00\",\"breadcrumb\":{\"@id\":\"https:\/\/metalroofcanada.ca\/en\/product\/membrane-de-toiture\/#breadcrumb\"},\"inLanguage\":\"en-CA\",\"potentialAction\":[{\"@type\":\"ReadAction\",\"target\":[\"https:\/\/metalroofcanada.ca\/en\/product\/membrane-de-toiture\/\"]}]},{\"@type\":\"ImageObject\",\"inLanguage\":\"en-CA\",\"@id\":\"https:\/\/metalroofcanada.ca\/en\/product\/membrane-de-toiture\/#primaryimage\",\"url\":\"https:\/\/metalroofcanada.ca\/wp-content\/uploads\/2026\/04\/screenshot_35-1.jpg\",\"contentUrl\":\"https:\/\/metalroofcanada.ca\/wp-content\/uploads\/2026\/04\/screenshot_35-1.jpg\",\"width\":569,\"height\":377},{\"@type\":\"BreadcrumbList\",\"@id\":\"https:\/\/metalroofcanada.ca\/en\/product\/membrane-de-toiture\/#breadcrumb\",\"itemListElement\":[{\"@type\":\"ListItem\",\"position\":1,\"name\":\"Accueil\",\"item\":\"https:\/\/metalroofcanada.ca\/en\/home\/\"},{\"@type\":\"ListItem\",\"position\":2,\"name\":\"Produits\",\"item\":\"https:\/\/metalroofcanada.ca\/shop\/\"},{\"@type\":\"ListItem\",\"position\":3,\"name\":\"Membrane de toiture\"}]},{\"@type\":\"WebSite\",\"@id\":\"https:\/\/metalroofcanada.ca\/en\/#website\",\"url\":\"https:\/\/metalroofcanada.ca\/en\/\",\"name\":\"metalroofcanada.ca\",\"description\":\"Toiture M\u00e9tallique Montr\u00e9al\",\"potentialAction\":[{\"@type\":\"SearchAction\",\"target\":{\"@type\":\"EntryPoint\",\"urlTemplate\":\"https:\/\/metalroofcanada.ca\/en\/?s={search_term_string}\"},\"query-input\":{\"@type\":\"PropertyValueSpecification\",\"valueRequired\":true,\"valueName\":\"search_term_string\"}}],\"inLanguage\":\"en-CA\"}]}<\/script>\n<!-- \/ Yoast SEO plugin. -->","yoast_head_json":{"title":"Membrane de toiture - metalroofcanada.ca","robots":{"index":"index","follow":"follow","max-snippet":"max-snippet:-1","max-image-preview":"max-image-preview:large","max-video-preview":"max-video-preview:-1"},"canonical":"https:\/\/metalroofcanada.ca\/en\/product\/membrane-de-toiture\/","og_locale":"en_US","og_type":"article","og_title":"Membrane de toiture - metalroofcanada.ca","og_description":"La membrane de toiture est une sous-couche haute performance qui offre une protection suppl\u00e9mentaire contre l\u2019eau et un meilleur contr\u00f4le de l\u2019humidit\u00e9 sous les mat\u00e9riaux de couverture.","og_url":"https:\/\/metalroofcanada.ca\/en\/product\/membrane-de-toiture\/","og_site_name":"metalroofcanada.ca","article_modified_time":"2026-04-19T01:10:17+00:00","og_image":[{"width":569,"height":377,"url":"https:\/\/metalroofcanada.ca\/wp-content\/uploads\/2026\/04\/screenshot_35-1.jpg","type":"image\/jpeg"}],"twitter_card":"summary_large_image","twitter_misc":{"Est. reading time":"1 minute"},"schema":{"@context":"https:\/\/schema.org","@graph":[{"@type":"WebPage","@id":"https:\/\/metalroofcanada.ca\/en\/product\/membrane-de-toiture\/","url":"https:\/\/metalroofcanada.ca\/en\/product\/membrane-de-toiture\/","name":"Membrane de toiture - metalroofcanada.ca","isPartOf":{"@id":"https:\/\/metalroofcanada.ca\/en\/#website"},"primaryImageOfPage":{"@id":"https:\/\/metalroofcanada.ca\/en\/product\/membrane-de-toiture\/#primaryimage"},"image":{"@id":"https:\/\/metalroofcanada.ca\/en\/product\/membrane-de-toiture\/#primaryimage"},"thumbnailUrl":"https:\/\/metalroofcanada.ca\/wp-content\/uploads\/2026\/04\/screenshot_35-1.jpg","datePublished":"2026-04-18T13:56:23+00:00","dateModified":"2026-04-19T01:10:17+00:00","breadcrumb":{"@id":"https:\/\/metalroofcanada.ca\/en\/product\/membrane-de-toiture\/#breadcrumb"},"inLanguage":"en-CA","potentialAction":[{"@type":"ReadAction","target":["https:\/\/metalroofcanada.ca\/en\/product\/membrane-de-toiture\/"]}]},{"@type":"ImageObject","inLanguage":"en-CA","@id":"https:\/\/metalroofcanada.ca\/en\/product\/membrane-de-toiture\/#primaryimage","url":"https:\/\/metalroofcanada.ca\/wp-content\/uploads\/2026\/04\/screenshot_35-1.jpg","contentUrl":"https:\/\/metalroofcanada.ca\/wp-content\/uploads\/2026\/04\/screenshot_35-1.jpg","width":569,"height":377},{"@type":"BreadcrumbList","@id":"https:\/\/metalroofcanada.ca\/en\/product\/membrane-de-toiture\/#breadcrumb","itemListElement":[{"@type":"ListItem","position":1,"name":"Accueil","item":"https:\/\/metalroofcanada.ca\/en\/home\/"},{"@type":"ListItem","position":2,"name":"Produits","item":"https:\/\/metalroofcanada.ca\/shop\/"},{"@type":"ListItem","position":3,"name":"Membrane de toiture"}]},{"@type":"WebSite","@id":"https:\/\/metalroofcanada.ca\/en\/#website","url":"https:\/\/metalroofcanada.ca\/en\/","name":"metalroofcanada.ca","description":"Toiture M\u00e9tallique Montr\u00e9al","potentialAction":[{"@type":"SearchAction","target":{"@type":"EntryPoint","urlTemplate":"https:\/\/metalroofcanada.ca\/en\/?s={search_term_string}"},"query-input":{"@type":"PropertyValueSpecification","valueRequired":true,"valueName":"search_term_string"}}],"inLanguage":"en-CA"}]}},"_links":{"self":[{"href":"https:\/\/metalroofcanada.ca\/en\/wp-json\/wp\/v2\/product\/3727","targetHints":{"allow":["GET"]}}],"collection":[{"href":"https:\/\/metalroofcanada.ca\/en\/wp-json\/wp\/v2\/product"}],"about":[{"href":"https:\/\/metalroofcanada.ca\/en\/wp-json\/wp\/v2\/types\/product"}],"replies":[{"embeddable":true,"href":"https:\/\/metalroofcanada.ca\/en\/wp-json\/wp\/v2\/comments?post=3727"}],"wp:featuredmedia":[{"embeddable":true,"href":"https:\/\/metalroofcanada.ca\/en\/wp-json\/wp\/v2\/media\/3726"}],"wp:attachment":[{"href":"https:\/\/metalroofcanada.ca\/en\/wp-json\/wp\/v2\/media?parent=3727"}],"wp:term":[{"taxonomy":"product_brand","embeddable":true,"href":"https:\/\/metalroofcanada.ca\/en\/wp-json\/wp\/v2\/product_brand?post=3727"},{"taxonomy":"product_cat","embeddable":true,"href":"https:\/\/metalroofcanada.ca\/en\/wp-json\/wp\/v2\/product_cat?post=3727"},{"taxonomy":"product_tag","embeddable":true,"href":"https:\/\/metalroofcanada.ca\/en\/wp-json\/wp\/v2\/product_tag?post=3727"}],"curies":[{"name":"wp","href":"https:\/\/api.w.org\/{rel}","templated":true}]}}