{"id":3734,"date":"2026-04-18T09:56:25","date_gmt":"2026-04-18T13:56:25","guid":{"rendered":"https:\/\/metalroofcanada.ca\/product\/ruban-detancheite-auto-expansible\/"},"modified":"2026-04-18T10:23:32","modified_gmt":"2026-04-18T14:23:32","slug":"ruban-detancheite-auto-expansible","status":"publish","type":"product","link":"https:\/\/metalroofcanada.ca\/en\/product\/ruban-detancheite-auto-expansible\/","title":{"rendered":"Self Expanding Sealant Tape"},"content":{"rendered":"<p>Le ruban d\u2019\u00e9tanch\u00e9it\u00e9 auto-expansible est un ruban de mousse de polyur\u00e9thane pr\u00e9comprim\u00e9e qui se dilate apr\u00e8s la pose afin de combler et sceller les ouvertures irr\u00e9guli\u00e8res de la toiture.<\/p>\n<p>Une fois appliqu\u00e9, le ruban se dilate pour \u00e9pouser \u00e9troitement les profils de toiture, cr\u00e9ant une barri\u00e8re \u00e9tanche \u00e0 l\u2019air et \u00e0 l\u2019eau contre la pluie pouss\u00e9e par le vent, la neige, la poussi\u00e8re et les insectes. Il est con\u00e7u pour \u00eatre utilis\u00e9 aux fa\u00eetages, dans les noues, aux joints de panneaux et aux transitions des syst\u00e8mes de toiture m\u00e9tallique.<\/p>","protected":false},"excerpt":{"rendered":"<p>Le ruban d\u2019\u00e9tanch\u00e9it\u00e9 auto-expansible est une solution flexible con\u00e7ue pour assurer une protection \u00e9tanche \u00e0 l\u2019air et \u00e0 l\u2019eau dans les jonctions de toiture. Il se dilate apr\u00e8s l\u2019installation pour combler les espaces et offrir une performance durable, r\u00e9sistante aux intemp\u00e9ries.<\/p>","protected":false},"featured_media":3733,"comment_status":"open","ping_status":"closed","template":"","meta":{"_acf_changed":false},"product_brand":[],"product_cat":[128],"product_tag":[],"class_list":{"0":"post-3734","1":"product","2":"type-product","3":"status-publish","4":"has-post-thumbnail","6":"product_cat-accessoires","8":"first","9":"instock","10":"shipping-taxable","11":"product-type-simple"},"acf":[],"yoast_head":"<!-- This site is optimized with the Yoast SEO plugin v27.0 - https:\/\/yoast.com\/product\/yoast-seo-wordpress\/ -->\n<title>Ruban d\u2019\u00e9tanch\u00e9it\u00e9 auto-expansible - metalroofcanada.ca<\/title>\n<meta name=\"robots\" content=\"index, follow, max-snippet:-1, max-image-preview:large, max-video-preview:-1\" \/>\n<link rel=\"canonical\" href=\"https:\/\/metalroofcanada.ca\/en\/product\/ruban-detancheite-auto-expansible\/\" \/>\n<meta property=\"og:locale\" content=\"en_US\" \/>\n<meta property=\"og:type\" content=\"article\" \/>\n<meta property=\"og:title\" content=\"Ruban d\u2019\u00e9tanch\u00e9it\u00e9 auto-expansible - metalroofcanada.ca\" \/>\n<meta property=\"og:description\" content=\"Le ruban d\u2019\u00e9tanch\u00e9it\u00e9 auto-expansible est une solution flexible con\u00e7ue pour assurer une protection \u00e9tanche \u00e0 l\u2019air et \u00e0 l\u2019eau dans les jonctions de toiture. Il se dilate apr\u00e8s l\u2019installation pour combler les espaces et offrir une performance durable, r\u00e9sistante aux intemp\u00e9ries.\" \/>\n<meta property=\"og:url\" content=\"https:\/\/metalroofcanada.ca\/en\/product\/ruban-detancheite-auto-expansible\/\" \/>\n<meta property=\"og:site_name\" content=\"metalroofcanada.ca\" \/>\n<meta property=\"article:modified_time\" content=\"2026-04-18T14:23:32+00:00\" \/>\n<meta property=\"og:image\" content=\"https:\/\/metalroofcanada.ca\/wp-content\/uploads\/2026\/04\/screenshot_30-1.jpg\" \/>\n\t<meta property=\"og:image:width\" content=\"642\" \/>\n\t<meta property=\"og:image:height\" content=\"434\" \/>\n\t<meta property=\"og:image:type\" content=\"image\/jpeg\" \/>\n<meta name=\"twitter:card\" content=\"summary_large_image\" \/>\n<meta name=\"twitter:label1\" content=\"Est. reading time\" \/>\n\t<meta name=\"twitter:data1\" content=\"1 minute\" \/>\n<script type=\"application\/ld+json\" class=\"yoast-schema-graph\">{\"@context\":\"https:\/\/schema.org\",\"@graph\":[{\"@type\":\"WebPage\",\"@id\":\"https:\/\/metalroofcanada.ca\/en\/product\/ruban-detancheite-auto-expansible\/\",\"url\":\"https:\/\/metalroofcanada.ca\/en\/product\/ruban-detancheite-auto-expansible\/\",\"name\":\"Ruban d\u2019\u00e9tanch\u00e9it\u00e9 auto-expansible - metalroofcanada.ca\",\"isPartOf\":{\"@id\":\"https:\/\/metalroofcanada.ca\/en\/#website\"},\"primaryImageOfPage\":{\"@id\":\"https:\/\/metalroofcanada.ca\/en\/product\/ruban-detancheite-auto-expansible\/#primaryimage\"},\"image\":{\"@id\":\"https:\/\/metalroofcanada.ca\/en\/product\/ruban-detancheite-auto-expansible\/#primaryimage\"},\"thumbnailUrl\":\"https:\/\/metalroofcanada.ca\/wp-content\/uploads\/2026\/04\/screenshot_30-1.jpg\",\"datePublished\":\"2026-04-18T13:56:25+00:00\",\"dateModified\":\"2026-04-18T14:23:32+00:00\",\"breadcrumb\":{\"@id\":\"https:\/\/metalroofcanada.ca\/en\/product\/ruban-detancheite-auto-expansible\/#breadcrumb\"},\"inLanguage\":\"en-CA\",\"potentialAction\":[{\"@type\":\"ReadAction\",\"target\":[\"https:\/\/metalroofcanada.ca\/en\/product\/ruban-detancheite-auto-expansible\/\"]}]},{\"@type\":\"ImageObject\",\"inLanguage\":\"en-CA\",\"@id\":\"https:\/\/metalroofcanada.ca\/en\/product\/ruban-detancheite-auto-expansible\/#primaryimage\",\"url\":\"https:\/\/metalroofcanada.ca\/wp-content\/uploads\/2026\/04\/screenshot_30-1.jpg\",\"contentUrl\":\"https:\/\/metalroofcanada.ca\/wp-content\/uploads\/2026\/04\/screenshot_30-1.jpg\",\"width\":642,\"height\":434},{\"@type\":\"BreadcrumbList\",\"@id\":\"https:\/\/metalroofcanada.ca\/en\/product\/ruban-detancheite-auto-expansible\/#breadcrumb\",\"itemListElement\":[{\"@type\":\"ListItem\",\"position\":1,\"name\":\"Accueil\",\"item\":\"https:\/\/metalroofcanada.ca\/en\/home\/\"},{\"@type\":\"ListItem\",\"position\":2,\"name\":\"Produits\",\"item\":\"https:\/\/metalroofcanada.ca\/shop\/\"},{\"@type\":\"ListItem\",\"position\":3,\"name\":\"Ruban d\u2019\u00e9tanch\u00e9it\u00e9 auto-expansible\"}]},{\"@type\":\"WebSite\",\"@id\":\"https:\/\/metalroofcanada.ca\/en\/#website\",\"url\":\"https:\/\/metalroofcanada.ca\/en\/\",\"name\":\"metalroofcanada.ca\",\"description\":\"Toiture M\u00e9tallique Montr\u00e9al\",\"potentialAction\":[{\"@type\":\"SearchAction\",\"target\":{\"@type\":\"EntryPoint\",\"urlTemplate\":\"https:\/\/metalroofcanada.ca\/en\/?s={search_term_string}\"},\"query-input\":{\"@type\":\"PropertyValueSpecification\",\"valueRequired\":true,\"valueName\":\"search_term_string\"}}],\"inLanguage\":\"en-CA\"}]}<\/script>\n<!-- \/ Yoast SEO plugin. -->","yoast_head_json":{"title":"Ruban d\u2019\u00e9tanch\u00e9it\u00e9 auto-expansible - metalroofcanada.ca","robots":{"index":"index","follow":"follow","max-snippet":"max-snippet:-1","max-image-preview":"max-image-preview:large","max-video-preview":"max-video-preview:-1"},"canonical":"https:\/\/metalroofcanada.ca\/en\/product\/ruban-detancheite-auto-expansible\/","og_locale":"en_US","og_type":"article","og_title":"Ruban d\u2019\u00e9tanch\u00e9it\u00e9 auto-expansible - metalroofcanada.ca","og_description":"Le ruban d\u2019\u00e9tanch\u00e9it\u00e9 auto-expansible est une solution flexible con\u00e7ue pour assurer une protection \u00e9tanche \u00e0 l\u2019air et \u00e0 l\u2019eau dans les jonctions de toiture. Il se dilate apr\u00e8s l\u2019installation pour combler les espaces et offrir une performance durable, r\u00e9sistante aux intemp\u00e9ries.","og_url":"https:\/\/metalroofcanada.ca\/en\/product\/ruban-detancheite-auto-expansible\/","og_site_name":"metalroofcanada.ca","article_modified_time":"2026-04-18T14:23:32+00:00","og_image":[{"width":642,"height":434,"url":"https:\/\/metalroofcanada.ca\/wp-content\/uploads\/2026\/04\/screenshot_30-1.jpg","type":"image\/jpeg"}],"twitter_card":"summary_large_image","twitter_misc":{"Est. reading time":"1 minute"},"schema":{"@context":"https:\/\/schema.org","@graph":[{"@type":"WebPage","@id":"https:\/\/metalroofcanada.ca\/en\/product\/ruban-detancheite-auto-expansible\/","url":"https:\/\/metalroofcanada.ca\/en\/product\/ruban-detancheite-auto-expansible\/","name":"Ruban d\u2019\u00e9tanch\u00e9it\u00e9 auto-expansible - metalroofcanada.ca","isPartOf":{"@id":"https:\/\/metalroofcanada.ca\/en\/#website"},"primaryImageOfPage":{"@id":"https:\/\/metalroofcanada.ca\/en\/product\/ruban-detancheite-auto-expansible\/#primaryimage"},"image":{"@id":"https:\/\/metalroofcanada.ca\/en\/product\/ruban-detancheite-auto-expansible\/#primaryimage"},"thumbnailUrl":"https:\/\/metalroofcanada.ca\/wp-content\/uploads\/2026\/04\/screenshot_30-1.jpg","datePublished":"2026-04-18T13:56:25+00:00","dateModified":"2026-04-18T14:23:32+00:00","breadcrumb":{"@id":"https:\/\/metalroofcanada.ca\/en\/product\/ruban-detancheite-auto-expansible\/#breadcrumb"},"inLanguage":"en-CA","potentialAction":[{"@type":"ReadAction","target":["https:\/\/metalroofcanada.ca\/en\/product\/ruban-detancheite-auto-expansible\/"]}]},{"@type":"ImageObject","inLanguage":"en-CA","@id":"https:\/\/metalroofcanada.ca\/en\/product\/ruban-detancheite-auto-expansible\/#primaryimage","url":"https:\/\/metalroofcanada.ca\/wp-content\/uploads\/2026\/04\/screenshot_30-1.jpg","contentUrl":"https:\/\/metalroofcanada.ca\/wp-content\/uploads\/2026\/04\/screenshot_30-1.jpg","width":642,"height":434},{"@type":"BreadcrumbList","@id":"https:\/\/metalroofcanada.ca\/en\/product\/ruban-detancheite-auto-expansible\/#breadcrumb","itemListElement":[{"@type":"ListItem","position":1,"name":"Accueil","item":"https:\/\/metalroofcanada.ca\/en\/home\/"},{"@type":"ListItem","position":2,"name":"Produits","item":"https:\/\/metalroofcanada.ca\/shop\/"},{"@type":"ListItem","position":3,"name":"Ruban d\u2019\u00e9tanch\u00e9it\u00e9 auto-expansible"}]},{"@type":"WebSite","@id":"https:\/\/metalroofcanada.ca\/en\/#website","url":"https:\/\/metalroofcanada.ca\/en\/","name":"metalroofcanada.ca","description":"Toiture M\u00e9tallique Montr\u00e9al","potentialAction":[{"@type":"SearchAction","target":{"@type":"EntryPoint","urlTemplate":"https:\/\/metalroofcanada.ca\/en\/?s={search_term_string}"},"query-input":{"@type":"PropertyValueSpecification","valueRequired":true,"valueName":"search_term_string"}}],"inLanguage":"en-CA"}]}},"_links":{"self":[{"href":"https:\/\/metalroofcanada.ca\/en\/wp-json\/wp\/v2\/product\/3734","targetHints":{"allow":["GET"]}}],"collection":[{"href":"https:\/\/metalroofcanada.ca\/en\/wp-json\/wp\/v2\/product"}],"about":[{"href":"https:\/\/metalroofcanada.ca\/en\/wp-json\/wp\/v2\/types\/product"}],"replies":[{"embeddable":true,"href":"https:\/\/metalroofcanada.ca\/en\/wp-json\/wp\/v2\/comments?post=3734"}],"wp:featuredmedia":[{"embeddable":true,"href":"https:\/\/metalroofcanada.ca\/en\/wp-json\/wp\/v2\/media\/3733"}],"wp:attachment":[{"href":"https:\/\/metalroofcanada.ca\/en\/wp-json\/wp\/v2\/media?parent=3734"}],"wp:term":[{"taxonomy":"product_brand","embeddable":true,"href":"https:\/\/metalroofcanada.ca\/en\/wp-json\/wp\/v2\/product_brand?post=3734"},{"taxonomy":"product_cat","embeddable":true,"href":"https:\/\/metalroofcanada.ca\/en\/wp-json\/wp\/v2\/product_cat?post=3734"},{"taxonomy":"product_tag","embeddable":true,"href":"https:\/\/metalroofcanada.ca\/en\/wp-json\/wp\/v2\/product_tag?post=3734"}],"curies":[{"name":"wp","href":"https:\/\/api.w.org\/{rel}","templated":true}]}}