{"id":3737,"date":"2026-04-18T09:56:26","date_gmt":"2026-04-18T13:56:26","guid":{"rendered":"https:\/\/metalroofcanada.ca\/product\/vis-autoperceuses-1-3-8-po\/"},"modified":"2026-04-27T12:19:35","modified_gmt":"2026-04-27T16:19:35","slug":"vis-autoperceuses-1-3-8-po","status":"publish","type":"product","link":"https:\/\/metalroofcanada.ca\/en\/product\/vis-autoperceuses-1-3-8-po\/","title":{"rendered":"Vis autoperceuses 1-3\/8 po"},"content":{"rendered":"<p>Les vis autoperceuses 1-3\/8 po sont con\u00e7ues pour la fixation rapide et fiable des composants de toiture m\u00e9tallique sur des supports en acier ou en bois sans pr\u00e9per\u00e7age. La pointe autoperceuse assure une p\u00e9n\u00e9tration nette, tandis que le rev\u00eatement r\u00e9sistant \u00e0 la corrosion offre une durabilit\u00e9 \u00e0 long terme dans les applications ext\u00e9rieures.<\/p>\n<p>Ces vis sont couramment utilis\u00e9es pour fixer les panneaux m\u00e9talliques, solins, moulures et accessoires de toiture lorsqu\u2019une excellente tenue et une bonne r\u00e9sistance aux intemp\u00e9ries sont n\u00e9cessaires.<\/p>","protected":false},"excerpt":{"rendered":"<p>Les vis autoperceuses 1-3\/8 po sont des \u00e9l\u00e9ments de fixation de haute qualit\u00e9 con\u00e7us pour l\u2019installation s\u00e9curitaire et efficace des composants de toiture. Fabriqu\u00e9es en acier durable et r\u00e9sistant \u00e0 la corrosion, elles assurent une fixation solide et une performance durable.<\/p>","protected":false},"featured_media":3736,"comment_status":"open","ping_status":"closed","template":"","meta":{"_acf_changed":false},"product_brand":[],"product_cat":[128],"product_tag":[],"class_list":{"0":"post-3737","1":"product","2":"type-product","3":"status-publish","4":"has-post-thumbnail","6":"product_cat-accessoires","8":"first","9":"instock","10":"shipping-taxable","11":"product-type-simple"},"acf":[],"yoast_head":"<!-- This site is optimized with the Yoast SEO plugin v27.0 - https:\/\/yoast.com\/product\/yoast-seo-wordpress\/ -->\n<title>Vis autoperceuses 1-3\/8 po - metalroofcanada.ca<\/title>\n<meta name=\"robots\" content=\"index, follow, max-snippet:-1, max-image-preview:large, max-video-preview:-1\" \/>\n<link rel=\"canonical\" href=\"https:\/\/metalroofcanada.ca\/en\/product\/vis-autoperceuses-1-3-8-po\/\" \/>\n<meta property=\"og:locale\" content=\"en_US\" \/>\n<meta property=\"og:type\" content=\"article\" \/>\n<meta property=\"og:title\" content=\"Vis autoperceuses 1-3\/8 po - metalroofcanada.ca\" \/>\n<meta property=\"og:description\" content=\"Les vis autoperceuses 1-3\/8 po sont des \u00e9l\u00e9ments de fixation de haute qualit\u00e9 con\u00e7us pour l\u2019installation s\u00e9curitaire et efficace des composants de toiture. Fabriqu\u00e9es en acier durable et r\u00e9sistant \u00e0 la corrosion, elles assurent une fixation solide et une performance durable.\" \/>\n<meta property=\"og:url\" content=\"https:\/\/metalroofcanada.ca\/en\/product\/vis-autoperceuses-1-3-8-po\/\" \/>\n<meta property=\"og:site_name\" content=\"metalroofcanada.ca\" \/>\n<meta property=\"article:modified_time\" content=\"2026-04-27T16:19:35+00:00\" \/>\n<meta property=\"og:image\" content=\"https:\/\/metalroofcanada.ca\/wp-content\/uploads\/2026\/04\/screenshot_50.jpg\" \/>\n\t<meta property=\"og:image:width\" content=\"820\" \/>\n\t<meta property=\"og:image:height\" content=\"569\" \/>\n\t<meta property=\"og:image:type\" content=\"image\/jpeg\" \/>\n<meta name=\"twitter:card\" content=\"summary_large_image\" \/>\n<meta name=\"twitter:label1\" content=\"Est. reading time\" \/>\n\t<meta name=\"twitter:data1\" content=\"1 minute\" \/>\n<script type=\"application\/ld+json\" class=\"yoast-schema-graph\">{\"@context\":\"https:\/\/schema.org\",\"@graph\":[{\"@type\":\"WebPage\",\"@id\":\"https:\/\/metalroofcanada.ca\/en\/product\/vis-autoperceuses-1-3-8-po\/\",\"url\":\"https:\/\/metalroofcanada.ca\/en\/product\/vis-autoperceuses-1-3-8-po\/\",\"name\":\"Vis autoperceuses 1-3\/8 po - metalroofcanada.ca\",\"isPartOf\":{\"@id\":\"https:\/\/metalroofcanada.ca\/en\/#website\"},\"primaryImageOfPage\":{\"@id\":\"https:\/\/metalroofcanada.ca\/en\/product\/vis-autoperceuses-1-3-8-po\/#primaryimage\"},\"image\":{\"@id\":\"https:\/\/metalroofcanada.ca\/en\/product\/vis-autoperceuses-1-3-8-po\/#primaryimage\"},\"thumbnailUrl\":\"https:\/\/metalroofcanada.ca\/wp-content\/uploads\/2026\/04\/screenshot_50.jpg\",\"datePublished\":\"2026-04-18T13:56:26+00:00\",\"dateModified\":\"2026-04-27T16:19:35+00:00\",\"breadcrumb\":{\"@id\":\"https:\/\/metalroofcanada.ca\/en\/product\/vis-autoperceuses-1-3-8-po\/#breadcrumb\"},\"inLanguage\":\"en-CA\",\"potentialAction\":[{\"@type\":\"ReadAction\",\"target\":[\"https:\/\/metalroofcanada.ca\/en\/product\/vis-autoperceuses-1-3-8-po\/\"]}]},{\"@type\":\"ImageObject\",\"inLanguage\":\"en-CA\",\"@id\":\"https:\/\/metalroofcanada.ca\/en\/product\/vis-autoperceuses-1-3-8-po\/#primaryimage\",\"url\":\"https:\/\/metalroofcanada.ca\/wp-content\/uploads\/2026\/04\/screenshot_50.jpg\",\"contentUrl\":\"https:\/\/metalroofcanada.ca\/wp-content\/uploads\/2026\/04\/screenshot_50.jpg\",\"width\":820,\"height\":569},{\"@type\":\"BreadcrumbList\",\"@id\":\"https:\/\/metalroofcanada.ca\/en\/product\/vis-autoperceuses-1-3-8-po\/#breadcrumb\",\"itemListElement\":[{\"@type\":\"ListItem\",\"position\":1,\"name\":\"Accueil\",\"item\":\"https:\/\/metalroofcanada.ca\/en\/home\/\"},{\"@type\":\"ListItem\",\"position\":2,\"name\":\"Produits\",\"item\":\"https:\/\/metalroofcanada.ca\/shop\/\"},{\"@type\":\"ListItem\",\"position\":3,\"name\":\"Vis autoperceuses 1-3\/8 po\"}]},{\"@type\":\"WebSite\",\"@id\":\"https:\/\/metalroofcanada.ca\/en\/#website\",\"url\":\"https:\/\/metalroofcanada.ca\/en\/\",\"name\":\"metalroofcanada.ca\",\"description\":\"Toiture M\u00e9tallique Montr\u00e9al\",\"potentialAction\":[{\"@type\":\"SearchAction\",\"target\":{\"@type\":\"EntryPoint\",\"urlTemplate\":\"https:\/\/metalroofcanada.ca\/en\/?s={search_term_string}\"},\"query-input\":{\"@type\":\"PropertyValueSpecification\",\"valueRequired\":true,\"valueName\":\"search_term_string\"}}],\"inLanguage\":\"en-CA\"}]}<\/script>\n<!-- \/ Yoast SEO plugin. -->","yoast_head_json":{"title":"Vis autoperceuses 1-3\/8 po - metalroofcanada.ca","robots":{"index":"index","follow":"follow","max-snippet":"max-snippet:-1","max-image-preview":"max-image-preview:large","max-video-preview":"max-video-preview:-1"},"canonical":"https:\/\/metalroofcanada.ca\/en\/product\/vis-autoperceuses-1-3-8-po\/","og_locale":"en_US","og_type":"article","og_title":"Vis autoperceuses 1-3\/8 po - metalroofcanada.ca","og_description":"Les vis autoperceuses 1-3\/8 po sont des \u00e9l\u00e9ments de fixation de haute qualit\u00e9 con\u00e7us pour l\u2019installation s\u00e9curitaire et efficace des composants de toiture. Fabriqu\u00e9es en acier durable et r\u00e9sistant \u00e0 la corrosion, elles assurent une fixation solide et une performance durable.","og_url":"https:\/\/metalroofcanada.ca\/en\/product\/vis-autoperceuses-1-3-8-po\/","og_site_name":"metalroofcanada.ca","article_modified_time":"2026-04-27T16:19:35+00:00","og_image":[{"width":820,"height":569,"url":"https:\/\/metalroofcanada.ca\/wp-content\/uploads\/2026\/04\/screenshot_50.jpg","type":"image\/jpeg"}],"twitter_card":"summary_large_image","twitter_misc":{"Est. reading time":"1 minute"},"schema":{"@context":"https:\/\/schema.org","@graph":[{"@type":"WebPage","@id":"https:\/\/metalroofcanada.ca\/en\/product\/vis-autoperceuses-1-3-8-po\/","url":"https:\/\/metalroofcanada.ca\/en\/product\/vis-autoperceuses-1-3-8-po\/","name":"Vis autoperceuses 1-3\/8 po - metalroofcanada.ca","isPartOf":{"@id":"https:\/\/metalroofcanada.ca\/en\/#website"},"primaryImageOfPage":{"@id":"https:\/\/metalroofcanada.ca\/en\/product\/vis-autoperceuses-1-3-8-po\/#primaryimage"},"image":{"@id":"https:\/\/metalroofcanada.ca\/en\/product\/vis-autoperceuses-1-3-8-po\/#primaryimage"},"thumbnailUrl":"https:\/\/metalroofcanada.ca\/wp-content\/uploads\/2026\/04\/screenshot_50.jpg","datePublished":"2026-04-18T13:56:26+00:00","dateModified":"2026-04-27T16:19:35+00:00","breadcrumb":{"@id":"https:\/\/metalroofcanada.ca\/en\/product\/vis-autoperceuses-1-3-8-po\/#breadcrumb"},"inLanguage":"en-CA","potentialAction":[{"@type":"ReadAction","target":["https:\/\/metalroofcanada.ca\/en\/product\/vis-autoperceuses-1-3-8-po\/"]}]},{"@type":"ImageObject","inLanguage":"en-CA","@id":"https:\/\/metalroofcanada.ca\/en\/product\/vis-autoperceuses-1-3-8-po\/#primaryimage","url":"https:\/\/metalroofcanada.ca\/wp-content\/uploads\/2026\/04\/screenshot_50.jpg","contentUrl":"https:\/\/metalroofcanada.ca\/wp-content\/uploads\/2026\/04\/screenshot_50.jpg","width":820,"height":569},{"@type":"BreadcrumbList","@id":"https:\/\/metalroofcanada.ca\/en\/product\/vis-autoperceuses-1-3-8-po\/#breadcrumb","itemListElement":[{"@type":"ListItem","position":1,"name":"Accueil","item":"https:\/\/metalroofcanada.ca\/en\/home\/"},{"@type":"ListItem","position":2,"name":"Produits","item":"https:\/\/metalroofcanada.ca\/shop\/"},{"@type":"ListItem","position":3,"name":"Vis autoperceuses 1-3\/8 po"}]},{"@type":"WebSite","@id":"https:\/\/metalroofcanada.ca\/en\/#website","url":"https:\/\/metalroofcanada.ca\/en\/","name":"metalroofcanada.ca","description":"Toiture M\u00e9tallique Montr\u00e9al","potentialAction":[{"@type":"SearchAction","target":{"@type":"EntryPoint","urlTemplate":"https:\/\/metalroofcanada.ca\/en\/?s={search_term_string}"},"query-input":{"@type":"PropertyValueSpecification","valueRequired":true,"valueName":"search_term_string"}}],"inLanguage":"en-CA"}]}},"_links":{"self":[{"href":"https:\/\/metalroofcanada.ca\/en\/wp-json\/wp\/v2\/product\/3737","targetHints":{"allow":["GET"]}}],"collection":[{"href":"https:\/\/metalroofcanada.ca\/en\/wp-json\/wp\/v2\/product"}],"about":[{"href":"https:\/\/metalroofcanada.ca\/en\/wp-json\/wp\/v2\/types\/product"}],"replies":[{"embeddable":true,"href":"https:\/\/metalroofcanada.ca\/en\/wp-json\/wp\/v2\/comments?post=3737"}],"wp:featuredmedia":[{"embeddable":true,"href":"https:\/\/metalroofcanada.ca\/en\/wp-json\/wp\/v2\/media\/3736"}],"wp:attachment":[{"href":"https:\/\/metalroofcanada.ca\/en\/wp-json\/wp\/v2\/media?parent=3737"}],"wp:term":[{"taxonomy":"product_brand","embeddable":true,"href":"https:\/\/metalroofcanada.ca\/en\/wp-json\/wp\/v2\/product_brand?post=3737"},{"taxonomy":"product_cat","embeddable":true,"href":"https:\/\/metalroofcanada.ca\/en\/wp-json\/wp\/v2\/product_cat?post=3737"},{"taxonomy":"product_tag","embeddable":true,"href":"https:\/\/metalroofcanada.ca\/en\/wp-json\/wp\/v2\/product_tag?post=3737"}],"curies":[{"name":"wp","href":"https:\/\/api.w.org\/{rel}","templated":true}]}}