{"id":3826,"date":"2026-04-24T14:54:14","date_gmt":"2026-04-24T18:54:14","guid":{"rendered":"https:\/\/metalroofcanada.ca\/?post_type=product&#038;p=3826"},"modified":"2026-04-24T14:55:40","modified_gmt":"2026-04-24T18:55:40","slug":"snap-lock-premium","status":"publish","type":"product","link":"https:\/\/metalroofcanada.ca\/en\/product\/snap-lock-premium\/","title":{"rendered":"Snap Lock Premium"},"content":{"rendered":"<p class=\"p1\">Le <span class=\"s1\"><b>Snap Lock Premium<\/b><\/span> est un panneau de toiture m\u00e9tallique \u00e0 fixation dissimul\u00e9e con\u00e7u pour offrir une finition architecturale haut de gamme, une excellente r\u00e9sistance aux intemp\u00e9ries et une installation pr\u00e9cise gr\u00e2ce \u00e0 son syst\u00e8me de clips invisibles.<\/p>","protected":false},"excerpt":{"rendered":"<p>SBS modified bitumen self-adhesive membrane intended to be used as a roofing underlayment.<\/p>","protected":false},"featured_media":3827,"comment_status":"open","ping_status":"closed","template":"","meta":{"_acf_changed":false},"product_brand":[],"product_cat":[131],"product_tag":[],"class_list":{"0":"post-3826","1":"product","2":"type-product","3":"status-publish","4":"has-post-thumbnail","6":"product_cat-joint-debout","8":"first","9":"instock","10":"shipping-taxable","11":"product-type-simple"},"acf":[],"yoast_head":"<!-- This site is optimized with the Yoast SEO plugin v27.0 - https:\/\/yoast.com\/product\/yoast-seo-wordpress\/ -->\n<title>Snap Lock Premium - metalroofcanada.ca<\/title>\n<meta name=\"robots\" content=\"index, follow, max-snippet:-1, max-image-preview:large, max-video-preview:-1\" \/>\n<link rel=\"canonical\" href=\"https:\/\/metalroofcanada.ca\/en\/product\/snap-lock-premium\/\" \/>\n<meta property=\"og:locale\" content=\"en_US\" \/>\n<meta property=\"og:type\" content=\"article\" \/>\n<meta property=\"og:title\" content=\"Snap Lock Premium - metalroofcanada.ca\" \/>\n<meta property=\"og:description\" content=\"Membrane autocollante en bitume modifi\u00e9 SBS con\u00e7ue pour \u00eatre utilis\u00e9e comme sous-couche de toiture.\" \/>\n<meta property=\"og:url\" content=\"https:\/\/metalroofcanada.ca\/en\/product\/snap-lock-premium\/\" \/>\n<meta property=\"og:site_name\" content=\"metalroofcanada.ca\" \/>\n<meta property=\"article:modified_time\" content=\"2026-04-24T18:55:40+00:00\" \/>\n<meta property=\"og:image\" content=\"https:\/\/metalroofcanada.ca\/wp-content\/uploads\/2026\/04\/SnapLock-Premium-Standing-Seam-705x397-1.jpg\" \/>\n\t<meta property=\"og:image:width\" content=\"705\" \/>\n\t<meta property=\"og:image:height\" content=\"397\" \/>\n\t<meta property=\"og:image:type\" content=\"image\/jpeg\" \/>\n<meta name=\"twitter:card\" content=\"summary_large_image\" \/>\n<meta name=\"twitter:label1\" content=\"Est. reading time\" \/>\n\t<meta name=\"twitter:data1\" content=\"1 minute\" \/>\n<script type=\"application\/ld+json\" class=\"yoast-schema-graph\">{\"@context\":\"https:\/\/schema.org\",\"@graph\":[{\"@type\":\"WebPage\",\"@id\":\"https:\/\/metalroofcanada.ca\/en\/product\/snap-lock-premium\/\",\"url\":\"https:\/\/metalroofcanada.ca\/en\/product\/snap-lock-premium\/\",\"name\":\"Snap Lock Premium - metalroofcanada.ca\",\"isPartOf\":{\"@id\":\"https:\/\/metalroofcanada.ca\/en\/#website\"},\"primaryImageOfPage\":{\"@id\":\"https:\/\/metalroofcanada.ca\/en\/product\/snap-lock-premium\/#primaryimage\"},\"image\":{\"@id\":\"https:\/\/metalroofcanada.ca\/en\/product\/snap-lock-premium\/#primaryimage\"},\"thumbnailUrl\":\"https:\/\/metalroofcanada.ca\/wp-content\/uploads\/2026\/04\/SnapLock-Premium-Standing-Seam-705x397-1.jpg\",\"datePublished\":\"2026-04-24T18:54:14+00:00\",\"dateModified\":\"2026-04-24T18:55:40+00:00\",\"breadcrumb\":{\"@id\":\"https:\/\/metalroofcanada.ca\/en\/product\/snap-lock-premium\/#breadcrumb\"},\"inLanguage\":\"en-CA\",\"potentialAction\":[{\"@type\":\"ReadAction\",\"target\":[\"https:\/\/metalroofcanada.ca\/en\/product\/snap-lock-premium\/\"]}]},{\"@type\":\"ImageObject\",\"inLanguage\":\"en-CA\",\"@id\":\"https:\/\/metalroofcanada.ca\/en\/product\/snap-lock-premium\/#primaryimage\",\"url\":\"https:\/\/metalroofcanada.ca\/wp-content\/uploads\/2026\/04\/SnapLock-Premium-Standing-Seam-705x397-1.jpg\",\"contentUrl\":\"https:\/\/metalroofcanada.ca\/wp-content\/uploads\/2026\/04\/SnapLock-Premium-Standing-Seam-705x397-1.jpg\",\"width\":705,\"height\":397,\"caption\":\"xr:d:DAFv3cmJfpk:2,j:3702363367439164988,t:23092921\"},{\"@type\":\"BreadcrumbList\",\"@id\":\"https:\/\/metalroofcanada.ca\/en\/product\/snap-lock-premium\/#breadcrumb\",\"itemListElement\":[{\"@type\":\"ListItem\",\"position\":1,\"name\":\"Accueil\",\"item\":\"https:\/\/metalroofcanada.ca\/en\/home\/\"},{\"@type\":\"ListItem\",\"position\":2,\"name\":\"Produits\",\"item\":\"https:\/\/metalroofcanada.ca\/shop\/\"},{\"@type\":\"ListItem\",\"position\":3,\"name\":\"Snap Lock Premium\"}]},{\"@type\":\"WebSite\",\"@id\":\"https:\/\/metalroofcanada.ca\/en\/#website\",\"url\":\"https:\/\/metalroofcanada.ca\/en\/\",\"name\":\"metalroofcanada.ca\",\"description\":\"Toiture M\u00e9tallique Montr\u00e9al\",\"potentialAction\":[{\"@type\":\"SearchAction\",\"target\":{\"@type\":\"EntryPoint\",\"urlTemplate\":\"https:\/\/metalroofcanada.ca\/en\/?s={search_term_string}\"},\"query-input\":{\"@type\":\"PropertyValueSpecification\",\"valueRequired\":true,\"valueName\":\"search_term_string\"}}],\"inLanguage\":\"en-CA\"}]}<\/script>\n<!-- \/ Yoast SEO plugin. -->","yoast_head_json":{"title":"Snap Lock Premium - metalroofcanada.ca","robots":{"index":"index","follow":"follow","max-snippet":"max-snippet:-1","max-image-preview":"max-image-preview:large","max-video-preview":"max-video-preview:-1"},"canonical":"https:\/\/metalroofcanada.ca\/en\/product\/snap-lock-premium\/","og_locale":"en_US","og_type":"article","og_title":"Snap Lock Premium - metalroofcanada.ca","og_description":"Membrane autocollante en bitume modifi\u00e9 SBS con\u00e7ue pour \u00eatre utilis\u00e9e comme sous-couche de toiture.","og_url":"https:\/\/metalroofcanada.ca\/en\/product\/snap-lock-premium\/","og_site_name":"metalroofcanada.ca","article_modified_time":"2026-04-24T18:55:40+00:00","og_image":[{"width":705,"height":397,"url":"https:\/\/metalroofcanada.ca\/wp-content\/uploads\/2026\/04\/SnapLock-Premium-Standing-Seam-705x397-1.jpg","type":"image\/jpeg"}],"twitter_card":"summary_large_image","twitter_misc":{"Est. reading time":"1 minute"},"schema":{"@context":"https:\/\/schema.org","@graph":[{"@type":"WebPage","@id":"https:\/\/metalroofcanada.ca\/en\/product\/snap-lock-premium\/","url":"https:\/\/metalroofcanada.ca\/en\/product\/snap-lock-premium\/","name":"Snap Lock Premium - metalroofcanada.ca","isPartOf":{"@id":"https:\/\/metalroofcanada.ca\/en\/#website"},"primaryImageOfPage":{"@id":"https:\/\/metalroofcanada.ca\/en\/product\/snap-lock-premium\/#primaryimage"},"image":{"@id":"https:\/\/metalroofcanada.ca\/en\/product\/snap-lock-premium\/#primaryimage"},"thumbnailUrl":"https:\/\/metalroofcanada.ca\/wp-content\/uploads\/2026\/04\/SnapLock-Premium-Standing-Seam-705x397-1.jpg","datePublished":"2026-04-24T18:54:14+00:00","dateModified":"2026-04-24T18:55:40+00:00","breadcrumb":{"@id":"https:\/\/metalroofcanada.ca\/en\/product\/snap-lock-premium\/#breadcrumb"},"inLanguage":"en-CA","potentialAction":[{"@type":"ReadAction","target":["https:\/\/metalroofcanada.ca\/en\/product\/snap-lock-premium\/"]}]},{"@type":"ImageObject","inLanguage":"en-CA","@id":"https:\/\/metalroofcanada.ca\/en\/product\/snap-lock-premium\/#primaryimage","url":"https:\/\/metalroofcanada.ca\/wp-content\/uploads\/2026\/04\/SnapLock-Premium-Standing-Seam-705x397-1.jpg","contentUrl":"https:\/\/metalroofcanada.ca\/wp-content\/uploads\/2026\/04\/SnapLock-Premium-Standing-Seam-705x397-1.jpg","width":705,"height":397,"caption":"xr:d:DAFv3cmJfpk:2,j:3702363367439164988,t:23092921"},{"@type":"BreadcrumbList","@id":"https:\/\/metalroofcanada.ca\/en\/product\/snap-lock-premium\/#breadcrumb","itemListElement":[{"@type":"ListItem","position":1,"name":"Accueil","item":"https:\/\/metalroofcanada.ca\/en\/home\/"},{"@type":"ListItem","position":2,"name":"Produits","item":"https:\/\/metalroofcanada.ca\/shop\/"},{"@type":"ListItem","position":3,"name":"Snap Lock Premium"}]},{"@type":"WebSite","@id":"https:\/\/metalroofcanada.ca\/en\/#website","url":"https:\/\/metalroofcanada.ca\/en\/","name":"metalroofcanada.ca","description":"Toiture M\u00e9tallique Montr\u00e9al","potentialAction":[{"@type":"SearchAction","target":{"@type":"EntryPoint","urlTemplate":"https:\/\/metalroofcanada.ca\/en\/?s={search_term_string}"},"query-input":{"@type":"PropertyValueSpecification","valueRequired":true,"valueName":"search_term_string"}}],"inLanguage":"en-CA"}]}},"_links":{"self":[{"href":"https:\/\/metalroofcanada.ca\/en\/wp-json\/wp\/v2\/product\/3826","targetHints":{"allow":["GET"]}}],"collection":[{"href":"https:\/\/metalroofcanada.ca\/en\/wp-json\/wp\/v2\/product"}],"about":[{"href":"https:\/\/metalroofcanada.ca\/en\/wp-json\/wp\/v2\/types\/product"}],"replies":[{"embeddable":true,"href":"https:\/\/metalroofcanada.ca\/en\/wp-json\/wp\/v2\/comments?post=3826"}],"wp:featuredmedia":[{"embeddable":true,"href":"https:\/\/metalroofcanada.ca\/en\/wp-json\/wp\/v2\/media\/3827"}],"wp:attachment":[{"href":"https:\/\/metalroofcanada.ca\/en\/wp-json\/wp\/v2\/media?parent=3826"}],"wp:term":[{"taxonomy":"product_brand","embeddable":true,"href":"https:\/\/metalroofcanada.ca\/en\/wp-json\/wp\/v2\/product_brand?post=3826"},{"taxonomy":"product_cat","embeddable":true,"href":"https:\/\/metalroofcanada.ca\/en\/wp-json\/wp\/v2\/product_cat?post=3826"},{"taxonomy":"product_tag","embeddable":true,"href":"https:\/\/metalroofcanada.ca\/en\/wp-json\/wp\/v2\/product_tag?post=3826"}],"curies":[{"name":"wp","href":"https:\/\/api.w.org\/{rel}","templated":true}]}}